{"id":1209,"date":"2020-07-08T10:53:08","date_gmt":"2020-07-08T14:53:08","guid":{"rendered":"https:\/\/marlynsteel.com\/quienes-somos\/"},"modified":"2025-01-28T13:02:26","modified_gmt":"2025-01-28T18:02:26","slug":"quienes-somos","status":"publish","type":"page","link":"https:\/\/marlynsteel.com\/es\/quienes-somos\/","title":{"rendered":"Qui\u00e9nes somos"},"content":{"rendered":"\t\t<div data-elementor-type=\"wp-page\" data-elementor-id=\"1209\" class=\"elementor elementor-1209 elementor-234\">\n\t\t\t\t\t\t<section class=\"elementor-section elementor-top-section elementor-element elementor-element-263c779 elementor-section-full_width elementor-section-height-default elementor-section-height-default\" data-id=\"263c779\" data-element_type=\"section\" data-e-type=\"section\">\n\t\t\t\t\t\t<div class=\"elementor-container elementor-column-gap-default\">\n\t\t\t\t\t<div class=\"elementor-column elementor-col-50 elementor-top-column elementor-element elementor-element-d7fafbf\" data-id=\"d7fafbf\" data-element_type=\"column\" data-e-type=\"column\">\n\t\t\t<div class=\"elementor-widget-wrap elementor-element-populated\">\n\t\t\t\t\t\t<div class=\"elementor-element elementor-element-7d57c8f elementor-widget elementor-widget-image\" data-id=\"7d57c8f\" data-element_type=\"widget\" data-e-type=\"widget\" data-widget_type=\"image.default\">\n\t\t\t\t<div class=\"elementor-widget-container\">\n\t\t\t\t\t\t\t\t\t\t\t\t\t\t\t<img fetchpriority=\"high\" decoding=\"async\" width=\"525\" height=\"467\" src=\"https:\/\/marlynsteel.com\/wp-content\/uploads\/2025\/01\/About-Us-1024x910.jpg\" class=\"attachment-large size-large wp-image-1184\" alt=\"Steel deck manufacturers\u2019 plant producing steel floor deck products\" srcset=\"https:\/\/marlynsteel.com\/wp-content\/uploads\/2025\/01\/About-Us-1024x910.jpg 1024w, https:\/\/marlynsteel.com\/wp-content\/uploads\/2025\/01\/About-Us-300x267.jpg 300w, https:\/\/marlynsteel.com\/wp-content\/uploads\/2025\/01\/About-Us-768x683.jpg 768w, https:\/\/marlynsteel.com\/wp-content\/uploads\/2025\/01\/About-Us-1536x1366.jpg 1536w, https:\/\/marlynsteel.com\/wp-content\/uploads\/2025\/01\/About-Us-2048x1821.jpg 2048w, https:\/\/marlynsteel.com\/wp-content\/uploads\/2025\/01\/About-Us-600x533.jpg 600w\" sizes=\"(max-width: 525px) 100vw, 525px\" \/>\t\t\t\t\t\t\t\t\t\t\t\t\t\t\t<\/div>\n\t\t\t\t<\/div>\n\t\t\t\t\t<\/div>\n\t\t<\/div>\n\t\t\t\t<div class=\"elementor-column elementor-col-50 elementor-top-column elementor-element elementor-element-5b1d9fd\" data-id=\"5b1d9fd\" data-element_type=\"column\" data-e-type=\"column\">\n\t\t\t<div class=\"elementor-widget-wrap elementor-element-populated\">\n\t\t\t\t\t\t<div class=\"elementor-element elementor-element-8d55c8b elementor-widget elementor-widget-heading\" data-id=\"8d55c8b\" data-element_type=\"widget\" data-e-type=\"widget\" data-widget_type=\"heading.default\">\n\t\t\t\t<div class=\"elementor-widget-container\">\n\t\t\t\t\t<h2 class=\"elementor-heading-title elementor-size-default\"><div class=\"title-box\">\n<h3 style=\"font-weight: 600;font-size: 32px\">Bienvenido a Marlyn Steel Decks, Inc.\n<\/h3><\/div><\/h2>\t\t\t\t<\/div>\n\t\t\t\t<\/div>\n\t\t\t\t<div class=\"elementor-element elementor-element-1443cd0 elementor-widget elementor-widget-text-editor\" data-id=\"1443cd0\" data-element_type=\"widget\" data-e-type=\"widget\" data-widget_type=\"text-editor.default\">\n\t\t\t\t<div class=\"elementor-widget-container\">\n\t\t\t\t\t\t\t\t\t<p>Bienvenido a Marlyn Steel Decks, Inc., una empresa familiar desde 1964. Estamos convenientemente ubicados cerca de la Interestatal 75 y la Interestatal 4 en Tampa, Florida. Fabricamos una l\u00ednea completa de cubiertas de techo de acero, cubiertas de techo con ventilaci\u00f3n ranurada, cubiertas ac\u00fasticas, cubiertas para encofrados, cubiertas de piso compuestas, cubiertas de cola de milano, techos de metal, revestimientos, molduras y otros accesorios. Nuestra planta de fabricaci\u00f3n cuenta con m\u00e1s de 65,000 pies cuadrados ubicados en cinco acres. Operamos ocho l\u00edneas de conformado en fr\u00edo, dos plegadoras, una l\u00ednea de corte a medida y una l\u00ednea de corte longitudinal, todas computarizadas. Marlyn tiene una capacidad de producci\u00f3n anual superior a 80,000 toneladas.<\/p><p>\u00a0<\/p><p>Con m\u00e1s de 60 a\u00f1os de experiencia en la fabricaci\u00f3n y venta de cubiertas met\u00e1licas, Marlyn Steel Decks es uno de los principales fabricantes de cubiertas del pa\u00eds. Tenemos la capacidad de servir a todos los Estados Unidos, Canad\u00e1, M\u00e9xico y las Islas del Caribe. El servicio y la calidad nos distinguen de la competencia. Nos enorgullecemos de producir pedidos cuando nuestros clientes los necesitan, en muchos casos podemos entregar pedidos el mismo d\u00eda o al d\u00eda siguiente.<\/p><p>\u00a0<\/p><p>Marlyn es miembro del Instituto de Cubiertas de Acero y nuestros productos cumplen con los est\u00e1ndares de UL, FM, Aprobaci\u00f3n de Productos de Florida e IAPMO.<\/p><p>\u00a0<\/p><p>Nuestro equipo en Marlyn Steel Decks espera trabajar con usted en su pr\u00f3ximo proyecto.<\/p>\t\t\t\t\t\t\t\t<\/div>\n\t\t\t\t<\/div>\n\t\t\t\t\t<\/div>\n\t\t<\/div>\n\t\t\t\t\t<\/div>\n\t\t<\/section>\n\t\t\t\t<\/div>\n\t\t","protected":false},"excerpt":{"rendered":"<p>Bienvenido a Marlyn Steel Decks, Inc. Bienvenido a Marlyn Steel Decks, Inc., una empresa familiar desde 1964. Estamos convenientemente ubicados cerca de la Interestatal 75 y la Interestatal 4 en Tampa, Florida. Fabricamos una l\u00ednea completa de cubiertas de techo de acero, cubiertas de techo con ventilaci\u00f3n ranurada, cubiertas ac\u00fasticas, cubiertas para encofrados, cubiertas de [&hellip;]<\/p>\n","protected":false},"author":1,"featured_media":0,"parent":0,"menu_order":0,"comment_status":"closed","ping_status":"closed","template":"tpl-default-elementor.php","meta":{"footnotes":"","_links_to":"","_links_to_target":""},"class_list":["post-1209","page","type-page","status-publish","hentry"],"yoast_head":"<!-- This site is optimized with the Yoast SEO plugin v27.3 - https:\/\/yoast.com\/product\/yoast-seo-wordpress\/ -->\n<title>Qui\u00e9nes somos - Marlyn Steel Deck<\/title>\n<meta name=\"robots\" content=\"index, follow, max-snippet:-1, max-image-preview:large, max-video-preview:-1\" \/>\n<link rel=\"canonical\" href=\"https:\/\/marlynsteel.com\/about-us\/\" \/>\n<meta property=\"og:locale\" content=\"es_ES\" \/>\n<meta property=\"og:type\" content=\"article\" \/>\n<meta property=\"og:title\" content=\"Qui\u00e9nes somos - Marlyn Steel Deck\" \/>\n<meta property=\"og:description\" content=\"Bienvenido a Marlyn Steel Decks, Inc. Bienvenido a Marlyn Steel Decks, Inc., una empresa familiar desde 1964. Estamos convenientemente ubicados cerca de la Interestatal 75 y la Interestatal 4 en Tampa, Florida. Fabricamos una l\u00ednea completa de cubiertas de techo de acero, cubiertas de techo con ventilaci\u00f3n ranurada, cubiertas ac\u00fasticas, cubiertas para encofrados, cubiertas de [&hellip;]\" \/>\n<meta property=\"og:url\" content=\"https:\/\/marlynsteel.com\/about-us\/\" \/>\n<meta property=\"og:site_name\" content=\"Marlyn Steel Deck\" \/>\n<meta property=\"article:modified_time\" content=\"2025-01-28T18:02:26+00:00\" \/>\n<meta property=\"og:image\" content=\"https:\/\/marlynsteel.com\/wp-content\/uploads\/2025\/01\/About-Us-scaled.jpg\" \/>\n\t<meta property=\"og:image:width\" content=\"2560\" \/>\n\t<meta property=\"og:image:height\" content=\"2276\" \/>\n\t<meta property=\"og:image:type\" content=\"image\/jpeg\" \/>\n<meta name=\"twitter:card\" content=\"summary_large_image\" \/>\n<meta name=\"twitter:label1\" content=\"Tiempo de lectura\" \/>\n\t<meta name=\"twitter:data1\" content=\"1 minuto\" \/>\n<script type=\"application\/ld+json\" class=\"yoast-schema-graph\">{\"@context\":\"https:\\\/\\\/schema.org\",\"@graph\":[{\"@type\":\"WebPage\",\"@id\":\"https:\\\/\\\/marlynsteel.com\\\/about-us\\\/\",\"url\":\"https:\\\/\\\/marlynsteel.com\\\/about-us\\\/\",\"name\":\"Qui\u00e9nes somos - Marlyn Steel Deck\",\"isPartOf\":{\"@id\":\"https:\\\/\\\/marlynsteel.com\\\/#website\"},\"primaryImageOfPage\":{\"@id\":\"https:\\\/\\\/marlynsteel.com\\\/about-us\\\/#primaryimage\"},\"image\":{\"@id\":\"https:\\\/\\\/marlynsteel.com\\\/about-us\\\/#primaryimage\"},\"thumbnailUrl\":\"https:\\\/\\\/marlynsteel.com\\\/wp-content\\\/uploads\\\/2025\\\/01\\\/About-Us-1024x910.jpg\",\"datePublished\":\"2020-07-08T14:53:08+00:00\",\"dateModified\":\"2025-01-28T18:02:26+00:00\",\"breadcrumb\":{\"@id\":\"https:\\\/\\\/marlynsteel.com\\\/about-us\\\/#breadcrumb\"},\"inLanguage\":\"es\",\"potentialAction\":[{\"@type\":\"ReadAction\",\"target\":[\"https:\\\/\\\/marlynsteel.com\\\/about-us\\\/\"]}]},{\"@type\":\"ImageObject\",\"inLanguage\":\"es\",\"@id\":\"https:\\\/\\\/marlynsteel.com\\\/about-us\\\/#primaryimage\",\"url\":\"https:\\\/\\\/marlynsteel.com\\\/wp-content\\\/uploads\\\/2025\\\/01\\\/About-Us-1024x910.jpg\",\"contentUrl\":\"https:\\\/\\\/marlynsteel.com\\\/wp-content\\\/uploads\\\/2025\\\/01\\\/About-Us-1024x910.jpg\"},{\"@type\":\"BreadcrumbList\",\"@id\":\"https:\\\/\\\/marlynsteel.com\\\/about-us\\\/#breadcrumb\",\"itemListElement\":[{\"@type\":\"ListItem\",\"position\":1,\"name\":\"Home\",\"item\":\"https:\\\/\\\/marlynsteel.com\\\/es\\\/\"},{\"@type\":\"ListItem\",\"position\":2,\"name\":\"Qui\u00e9nes somos\"}]},{\"@type\":\"WebSite\",\"@id\":\"https:\\\/\\\/marlynsteel.com\\\/#website\",\"url\":\"https:\\\/\\\/marlynsteel.com\\\/\",\"name\":\"Marlyn Steel Deck\",\"description\":\"\",\"potentialAction\":[{\"@type\":\"SearchAction\",\"target\":{\"@type\":\"EntryPoint\",\"urlTemplate\":\"https:\\\/\\\/marlynsteel.com\\\/?s={search_term_string}\"},\"query-input\":{\"@type\":\"PropertyValueSpecification\",\"valueRequired\":true,\"valueName\":\"search_term_string\"}}],\"inLanguage\":\"es\"}]}<\/script>\n<!-- \/ Yoast SEO plugin. -->","yoast_head_json":{"title":"Qui\u00e9nes somos - Marlyn Steel Deck","robots":{"index":"index","follow":"follow","max-snippet":"max-snippet:-1","max-image-preview":"max-image-preview:large","max-video-preview":"max-video-preview:-1"},"canonical":"https:\/\/marlynsteel.com\/about-us\/","og_locale":"es_ES","og_type":"article","og_title":"Qui\u00e9nes somos - Marlyn Steel Deck","og_description":"Bienvenido a Marlyn Steel Decks, Inc. Bienvenido a Marlyn Steel Decks, Inc., una empresa familiar desde 1964. Estamos convenientemente ubicados cerca de la Interestatal 75 y la Interestatal 4 en Tampa, Florida. Fabricamos una l\u00ednea completa de cubiertas de techo de acero, cubiertas de techo con ventilaci\u00f3n ranurada, cubiertas ac\u00fasticas, cubiertas para encofrados, cubiertas de [&hellip;]","og_url":"https:\/\/marlynsteel.com\/about-us\/","og_site_name":"Marlyn Steel Deck","article_modified_time":"2025-01-28T18:02:26+00:00","og_image":[{"width":2560,"height":2276,"url":"https:\/\/marlynsteel.com\/wp-content\/uploads\/2025\/01\/About-Us-scaled.jpg","type":"image\/jpeg"}],"twitter_card":"summary_large_image","twitter_misc":{"Tiempo de lectura":"1 minuto"},"schema":{"@context":"https:\/\/schema.org","@graph":[{"@type":"WebPage","@id":"https:\/\/marlynsteel.com\/about-us\/","url":"https:\/\/marlynsteel.com\/about-us\/","name":"Qui\u00e9nes somos - Marlyn Steel Deck","isPartOf":{"@id":"https:\/\/marlynsteel.com\/#website"},"primaryImageOfPage":{"@id":"https:\/\/marlynsteel.com\/about-us\/#primaryimage"},"image":{"@id":"https:\/\/marlynsteel.com\/about-us\/#primaryimage"},"thumbnailUrl":"https:\/\/marlynsteel.com\/wp-content\/uploads\/2025\/01\/About-Us-1024x910.jpg","datePublished":"2020-07-08T14:53:08+00:00","dateModified":"2025-01-28T18:02:26+00:00","breadcrumb":{"@id":"https:\/\/marlynsteel.com\/about-us\/#breadcrumb"},"inLanguage":"es","potentialAction":[{"@type":"ReadAction","target":["https:\/\/marlynsteel.com\/about-us\/"]}]},{"@type":"ImageObject","inLanguage":"es","@id":"https:\/\/marlynsteel.com\/about-us\/#primaryimage","url":"https:\/\/marlynsteel.com\/wp-content\/uploads\/2025\/01\/About-Us-1024x910.jpg","contentUrl":"https:\/\/marlynsteel.com\/wp-content\/uploads\/2025\/01\/About-Us-1024x910.jpg"},{"@type":"BreadcrumbList","@id":"https:\/\/marlynsteel.com\/about-us\/#breadcrumb","itemListElement":[{"@type":"ListItem","position":1,"name":"Home","item":"https:\/\/marlynsteel.com\/es\/"},{"@type":"ListItem","position":2,"name":"Qui\u00e9nes somos"}]},{"@type":"WebSite","@id":"https:\/\/marlynsteel.com\/#website","url":"https:\/\/marlynsteel.com\/","name":"Marlyn Steel Deck","description":"","potentialAction":[{"@type":"SearchAction","target":{"@type":"EntryPoint","urlTemplate":"https:\/\/marlynsteel.com\/?s={search_term_string}"},"query-input":{"@type":"PropertyValueSpecification","valueRequired":true,"valueName":"search_term_string"}}],"inLanguage":"es"}]}},"_links":{"self":[{"href":"https:\/\/marlynsteel.com\/es\/wp-json\/wp\/v2\/pages\/1209","targetHints":{"allow":["GET"]}}],"collection":[{"href":"https:\/\/marlynsteel.com\/es\/wp-json\/wp\/v2\/pages"}],"about":[{"href":"https:\/\/marlynsteel.com\/es\/wp-json\/wp\/v2\/types\/page"}],"author":[{"embeddable":true,"href":"https:\/\/marlynsteel.com\/es\/wp-json\/wp\/v2\/users\/1"}],"replies":[{"embeddable":true,"href":"https:\/\/marlynsteel.com\/es\/wp-json\/wp\/v2\/comments?post=1209"}],"version-history":[{"count":13,"href":"https:\/\/marlynsteel.com\/es\/wp-json\/wp\/v2\/pages\/1209\/revisions"}],"predecessor-version":[{"id":2080,"href":"https:\/\/marlynsteel.com\/es\/wp-json\/wp\/v2\/pages\/1209\/revisions\/2080"}],"wp:attachment":[{"href":"https:\/\/marlynsteel.com\/es\/wp-json\/wp\/v2\/media?parent=1209"}],"curies":[{"name":"wp","href":"https:\/\/api.w.org\/{rel}","templated":true}]}}