{"id":1499,"date":"2025-01-23T12:14:48","date_gmt":"2025-01-23T17:14:48","guid":{"rendered":"https:\/\/marlynsteel.com\/?page_id=1499"},"modified":"2025-03-06T16:29:15","modified_gmt":"2025-03-06T21:29:15","slug":"productos","status":"publish","type":"page","link":"https:\/\/marlynsteel.com\/es\/productos\/","title":{"rendered":"Productos"},"content":{"rendered":"\t\t<div data-elementor-type=\"wp-page\" data-elementor-id=\"1499\" class=\"elementor elementor-1499 elementor-1404\">\n\t\t\t\t\t\t<section class=\"elementor-section elementor-top-section elementor-element elementor-element-64fd39d elementor-section-full_width elementor-section-stretched elementor-section-height-default elementor-section-height-default\" data-id=\"64fd39d\" data-element_type=\"section\" data-e-type=\"section\" data-settings=\"{&quot;stretch_section&quot;:&quot;section-stretched&quot;,&quot;background_background&quot;:&quot;classic&quot;}\">\n\t\t\t\t\t\t<div class=\"elementor-container elementor-column-gap-default\">\n\t\t\t\t\t<div class=\"elementor-column elementor-col-50 elementor-top-column elementor-element elementor-element-3262ede\" data-id=\"3262ede\" data-element_type=\"column\" data-e-type=\"column\">\n\t\t\t<div class=\"elementor-widget-wrap elementor-element-populated\">\n\t\t\t\t\t\t<div class=\"elementor-element elementor-element-c61b1d3 elementor-widget elementor-widget-image\" data-id=\"c61b1d3\" data-element_type=\"widget\" data-e-type=\"widget\" data-widget_type=\"image.default\">\n\t\t\t\t<div class=\"elementor-widget-container\">\n\t\t\t\t\t\t\t\t\t\t\t\t\t\t\t\t<a href=\"\/es\/terraza-de-material-compuesto\/\">\n\t\t\t\t\t\t\t<img fetchpriority=\"high\" decoding=\"async\" width=\"525\" height=\"394\" src=\"https:\/\/marlynsteel.com\/wp-content\/uploads\/2025\/01\/Composite-Deck-image-1024x768.jpg\" class=\"attachment-large size-large wp-image-1403\" alt=\"acoustic deck\" srcset=\"https:\/\/marlynsteel.com\/wp-content\/uploads\/2025\/01\/Composite-Deck-image-1024x768.jpg 1024w, https:\/\/marlynsteel.com\/wp-content\/uploads\/2025\/01\/Composite-Deck-image-300x225.jpg 300w, https:\/\/marlynsteel.com\/wp-content\/uploads\/2025\/01\/Composite-Deck-image-768x576.jpg 768w, https:\/\/marlynsteel.com\/wp-content\/uploads\/2025\/01\/Composite-Deck-image-1536x1152.jpg 1536w, https:\/\/marlynsteel.com\/wp-content\/uploads\/2025\/01\/Composite-Deck-image-2048x1536.jpg 2048w\" sizes=\"(max-width: 525px) 100vw, 525px\" \/>\t\t\t\t\t\t\t\t<\/a>\n\t\t\t\t\t\t\t\t\t\t\t\t\t\t\t<\/div>\n\t\t\t\t<\/div>\n\t\t\t\t\t<\/div>\n\t\t<\/div>\n\t\t\t\t<div class=\"elementor-column elementor-col-50 elementor-top-column elementor-element elementor-element-6619f98\" data-id=\"6619f98\" data-element_type=\"column\" data-e-type=\"column\">\n\t\t\t<div class=\"elementor-widget-wrap elementor-element-populated\">\n\t\t\t\t\t\t<div class=\"elementor-element elementor-element-03ee097 elementor-widget elementor-widget-heading\" data-id=\"03ee097\" data-element_type=\"widget\" data-e-type=\"widget\" data-widget_type=\"heading.default\">\n\t\t\t\t<div class=\"elementor-widget-container\">\n\t\t\t\t\t<h2 class=\"elementor-heading-title elementor-size-default\"><a href=\"\/es\/terraza-de-material-compuesto\/\">Terraza de material compuesto<\/a><\/h2>\t\t\t\t<\/div>\n\t\t\t\t<\/div>\n\t\t\t\t<div class=\"elementor-element elementor-element-826fcd9 elementor-widget elementor-widget-text-editor\" data-id=\"826fcd9\" data-element_type=\"widget\" data-e-type=\"widget\" data-widget_type=\"text-editor.default\">\n\t\t\t\t<div class=\"elementor-widget-container\">\n\t\t\t\t\t\t\t\t\t<p>La cubierta de techo es un panel de metal corrugado dise\u00f1ado e ingenierizado para ser utilizado como panel de techo estructural en edificios residenciales, comerciales y de varios pisos para soportar sistemas de techo de construcci\u00f3n o sistemas de techo de concreto ligero. Por lo general, son soportados en aplicaciones por vigas de acero. Existen 4 tipos principales de cubiertas de techo, todas ellas fabricadas por Marlyn Steel Decks. La cubierta de costilla ancha, com\u00fanmente conocida como cubierta B, es el tipo de cubierta de techo m\u00e1s com\u00fanmente utilizado. Luego est\u00e1 la cubierta de costilla intermedia, com\u00fanmente conocida como cubierta F, y la cubierta de costilla estrecha, com\u00fanmente conocida como cubierta A. Para tramos m\u00e1s largos, se utiliza la cubierta profunda, com\u00fanmente conocida como cubierta N. Las cubiertas de techo son soportadas en aplicaciones por vigas de acero. Todas nuestras cubiertas de techo se cortan a medida. Las longitudes est\u00e1ndar son de 6&#8242; a 42&#8242;.<\/p>\t\t\t\t\t\t\t\t<\/div>\n\t\t\t\t<\/div>\n\t\t\t\t\t<\/div>\n\t\t<\/div>\n\t\t\t\t\t<\/div>\n\t\t<\/section>\n\t\t\t\t<section class=\"elementor-section elementor-top-section elementor-element elementor-element-9bf99c7 elementor-section-stretched elementor-section-boxed elementor-section-height-default elementor-section-height-default\" data-id=\"9bf99c7\" data-element_type=\"section\" data-e-type=\"section\" data-settings=\"{&quot;stretch_section&quot;:&quot;section-stretched&quot;}\">\n\t\t\t\t\t\t<div class=\"elementor-container elementor-column-gap-default\">\n\t\t\t\t\t<div class=\"elementor-column elementor-col-50 elementor-top-column elementor-element elementor-element-f9e1348\" data-id=\"f9e1348\" data-element_type=\"column\" data-e-type=\"column\">\n\t\t\t<div class=\"elementor-widget-wrap elementor-element-populated\">\n\t\t\t\t\t\t<div class=\"elementor-element elementor-element-a622078 elementor-widget elementor-widget-heading\" data-id=\"a622078\" data-element_type=\"widget\" data-e-type=\"widget\" data-widget_type=\"heading.default\">\n\t\t\t\t<div class=\"elementor-widget-container\">\n\t\t\t\t\t<h2 class=\"elementor-heading-title elementor-size-default\"><a href=\"\/es\/losa-de-encofrado\/\">Losa de encofrado<\/a><\/h2>\t\t\t\t<\/div>\n\t\t\t\t<\/div>\n\t\t\t\t<div class=\"elementor-element elementor-element-b025b9d elementor-widget elementor-widget-text-editor\" data-id=\"b025b9d\" data-element_type=\"widget\" data-e-type=\"widget\" data-widget_type=\"text-editor.default\">\n\t\t\t\t<div class=\"elementor-widget-container\">\n\t\t\t\t\t\t\t\t\t<p>La losa de encofrado, tambi\u00e9n conocida como losa no compuesta, se utiliza en aplicaciones de piso donde no se requiere uniones compuestas entre el acero y el concreto. Dado que no tiene relieves, no tiene la aplicaci\u00f3n compuesta. La losa de encofrado se utiliza en muchas situaciones, como pisos m\u00faltiples, descansos de escaleras y tambi\u00e9n se puede utilizar como cubierta de techo. La losa de encofrado est\u00e1 disponible en perfiles de 9\/16&#8243;, 15\/16&#8243;, 1.5&#8243;, 2&#8243; y 3&#8243;. Desde calibre 16 hasta calibre 28.<\/p>\t\t\t\t\t\t\t\t<\/div>\n\t\t\t\t<\/div>\n\t\t\t\t\t<\/div>\n\t\t<\/div>\n\t\t\t\t<div class=\"elementor-column elementor-col-50 elementor-top-column elementor-element elementor-element-9738e70\" data-id=\"9738e70\" data-element_type=\"column\" data-e-type=\"column\">\n\t\t\t<div class=\"elementor-widget-wrap elementor-element-populated\">\n\t\t\t\t\t\t<div class=\"elementor-element elementor-element-84f07b4 elementor-widget elementor-widget-image\" data-id=\"84f07b4\" data-element_type=\"widget\" data-e-type=\"widget\" data-widget_type=\"image.default\">\n\t\t\t\t<div class=\"elementor-widget-container\">\n\t\t\t\t\t\t\t\t\t\t\t\t\t\t\t\t<a href=\"\/es\/losa-de-encofrado\/\">\n\t\t\t\t\t\t\t<img decoding=\"async\" width=\"525\" height=\"394\" src=\"https:\/\/marlynsteel.com\/wp-content\/uploads\/2025\/01\/Form-Deck-image-1024x768.jpg\" class=\"attachment-large size-large wp-image-1407\" alt=\"steel roof deck form\" srcset=\"https:\/\/marlynsteel.com\/wp-content\/uploads\/2025\/01\/Form-Deck-image-1024x768.jpg 1024w, https:\/\/marlynsteel.com\/wp-content\/uploads\/2025\/01\/Form-Deck-image-300x225.jpg 300w, https:\/\/marlynsteel.com\/wp-content\/uploads\/2025\/01\/Form-Deck-image-768x576.jpg 768w, https:\/\/marlynsteel.com\/wp-content\/uploads\/2025\/01\/Form-Deck-image-1536x1152.jpg 1536w, https:\/\/marlynsteel.com\/wp-content\/uploads\/2025\/01\/Form-Deck-image-2048x1536.jpg 2048w\" sizes=\"(max-width: 525px) 100vw, 525px\" \/>\t\t\t\t\t\t\t\t<\/a>\n\t\t\t\t\t\t\t\t\t\t\t\t\t\t\t<\/div>\n\t\t\t\t<\/div>\n\t\t\t\t\t<\/div>\n\t\t<\/div>\n\t\t\t\t\t<\/div>\n\t\t<\/section>\n\t\t\t\t<section class=\"elementor-section elementor-top-section elementor-element elementor-element-f4120c5 elementor-section-full_width elementor-section-stretched elementor-section-height-default elementor-section-height-default\" data-id=\"f4120c5\" data-element_type=\"section\" data-e-type=\"section\" data-settings=\"{&quot;stretch_section&quot;:&quot;section-stretched&quot;,&quot;background_background&quot;:&quot;classic&quot;}\">\n\t\t\t\t\t\t<div class=\"elementor-container elementor-column-gap-default\">\n\t\t\t\t\t<div class=\"elementor-column elementor-col-50 elementor-top-column elementor-element elementor-element-7c1eeaa\" data-id=\"7c1eeaa\" data-element_type=\"column\" data-e-type=\"column\">\n\t\t\t<div class=\"elementor-widget-wrap elementor-element-populated\">\n\t\t\t\t\t\t<div class=\"elementor-element elementor-element-6ef1a9c elementor-widget elementor-widget-image\" data-id=\"6ef1a9c\" data-element_type=\"widget\" data-e-type=\"widget\" data-widget_type=\"image.default\">\n\t\t\t\t<div class=\"elementor-widget-container\">\n\t\t\t\t\t\t\t\t\t\t\t\t\t\t\t\t<a href=\"\/es\/forjado-de-cubierta\/\">\n\t\t\t\t\t\t\t<img decoding=\"async\" width=\"525\" height=\"394\" src=\"https:\/\/marlynsteel.com\/wp-content\/uploads\/2025\/01\/Roof-Deck-image-1024x768.jpg\" class=\"attachment-large size-large wp-image-1410\" alt=\"steel roof deck image\" srcset=\"https:\/\/marlynsteel.com\/wp-content\/uploads\/2025\/01\/Roof-Deck-image-1024x768.jpg 1024w, https:\/\/marlynsteel.com\/wp-content\/uploads\/2025\/01\/Roof-Deck-image-300x225.jpg 300w, https:\/\/marlynsteel.com\/wp-content\/uploads\/2025\/01\/Roof-Deck-image-768x576.jpg 768w, https:\/\/marlynsteel.com\/wp-content\/uploads\/2025\/01\/Roof-Deck-image-1536x1152.jpg 1536w, https:\/\/marlynsteel.com\/wp-content\/uploads\/2025\/01\/Roof-Deck-image-2048x1535.jpg 2048w\" sizes=\"(max-width: 525px) 100vw, 525px\" \/>\t\t\t\t\t\t\t\t<\/a>\n\t\t\t\t\t\t\t\t\t\t\t\t\t\t\t<\/div>\n\t\t\t\t<\/div>\n\t\t\t\t\t<\/div>\n\t\t<\/div>\n\t\t\t\t<div class=\"elementor-column elementor-col-50 elementor-top-column elementor-element elementor-element-094c923\" data-id=\"094c923\" data-element_type=\"column\" data-e-type=\"column\">\n\t\t\t<div class=\"elementor-widget-wrap elementor-element-populated\">\n\t\t\t\t\t\t<div class=\"elementor-element elementor-element-10f700e elementor-widget elementor-widget-heading\" data-id=\"10f700e\" data-element_type=\"widget\" data-e-type=\"widget\" data-widget_type=\"heading.default\">\n\t\t\t\t<div class=\"elementor-widget-container\">\n\t\t\t\t\t<h2 class=\"elementor-heading-title elementor-size-default\"><a href=\"\/es\/forjado-de-cubierta\/\">Forjado de cubierta<\/a><\/h2>\t\t\t\t<\/div>\n\t\t\t\t<\/div>\n\t\t\t\t<div class=\"elementor-element elementor-element-6aaaaee elementor-widget elementor-widget-text-editor\" data-id=\"6aaaaee\" data-element_type=\"widget\" data-e-type=\"widget\" data-widget_type=\"text-editor.default\">\n\t\t\t\t<div class=\"elementor-widget-container\">\n\t\t\t\t\t\t\t\t\t<p>La cubierta de techo es un panel de metal corrugado dise\u00f1ado e ingenierizado para ser utilizado como panel estructural de techo en edificios residenciales, comerciales y de varios pisos para soportar sistemas de techo compuestos o sistemas de techo de concreto ligero. Por lo general, son soportados en aplicaciones por vigas de acero. Existen 4 tipos principales de cubiertas de techo, todas ellas fabricadas por Marlyn Steel Decks. La cubierta de costilla ancha, com\u00fanmente conocida como cubierta B, es el tipo de cubierta de techo m\u00e1s com\u00fanmente utilizado. Luego est\u00e1 la cubierta de costilla intermedia, com\u00fanmente conocida como cubierta F, y la cubierta de costilla estrecha, com\u00fanmente conocida como cubierta A. Para luces m\u00e1s largas, se utiliza la cubierta profunda, com\u00fanmente conocida como cubierta N. Las cubiertas de techo son soportadas en aplicaciones por vigas de acero. Todas nuestras cubiertas de techo se cortan a medida. Las longitudes est\u00e1ndar son de 6&#8242; a 42&#8242;.<\/p>\t\t\t\t\t\t\t\t<\/div>\n\t\t\t\t<\/div>\n\t\t\t\t\t<\/div>\n\t\t<\/div>\n\t\t\t\t\t<\/div>\n\t\t<\/section>\n\t\t\t\t<section class=\"elementor-section elementor-top-section elementor-element elementor-element-c760b90 elementor-section-stretched elementor-section-boxed elementor-section-height-default elementor-section-height-default\" data-id=\"c760b90\" data-element_type=\"section\" data-e-type=\"section\" data-settings=\"{&quot;stretch_section&quot;:&quot;section-stretched&quot;}\">\n\t\t\t\t\t\t<div class=\"elementor-container elementor-column-gap-default\">\n\t\t\t\t\t<div class=\"elementor-column elementor-col-50 elementor-top-column elementor-element elementor-element-8c8e542\" data-id=\"8c8e542\" data-element_type=\"column\" data-e-type=\"column\">\n\t\t\t<div class=\"elementor-widget-wrap elementor-element-populated\">\n\t\t\t\t\t\t<div class=\"elementor-element elementor-element-606fad2 elementor-widget elementor-widget-heading\" data-id=\"606fad2\" data-element_type=\"widget\" data-e-type=\"widget\" data-widget_type=\"heading.default\">\n\t\t\t\t<div class=\"elementor-widget-container\">\n\t\t\t\t\t<h2 class=\"elementor-heading-title elementor-size-default\"><a href=\"\/es\/marcore-losa-cola-de-milano\/\">Marcore (Losa Cola de Milano)<\/a><\/h2>\t\t\t\t<\/div>\n\t\t\t\t<\/div>\n\t\t\t\t<div class=\"elementor-element elementor-element-628ee66 elementor-widget elementor-widget-text-editor\" data-id=\"628ee66\" data-element_type=\"widget\" data-e-type=\"widget\" data-widget_type=\"text-editor.default\">\n\t\t\t\t<div class=\"elementor-widget-container\">\n\t\t\t\t\t\t\t\t\t<p>Marcore es una losa de 2&#8243; de profundidad con forma de cola de milano que se puede utilizar como losa de piso compuesta, cubierta de techo o losa ac\u00fastica. El exclusivo sistema de costillas tipo cola de milano de Marcore act\u00faa estructuralmente como piso o techo y como un techo de listones limpio y est\u00e9ticamente atractivo. Marcore presenta capacidades estructurales y ac\u00fasticas superiores y es la elecci\u00f3n arquitect\u00f3nica para un sistema de techo y piso de losa. Para aplicaciones de cubierta de techo, puede abarcar grandes distancias y soportar cargas m\u00e1s pesadas que una cubierta de techo t\u00edpica. Con el dise\u00f1o de la losa de cola de milano, es ideal para aplicaciones de piso debido a su capacidad de mantener las losas lo m\u00e1s delgadas posible, pero tambi\u00e9n manteniendo los grandes vanos. Marcore tiene la capacidad de unirse con el concreto de la misma manera que las losas compuestas. Marcore est\u00e1 disponible en los calibres 18, 20 y 22 y puede venir con o sin costilla de refuerzo.<\/p>\t\t\t\t\t\t\t\t<\/div>\n\t\t\t\t<\/div>\n\t\t\t\t\t<\/div>\n\t\t<\/div>\n\t\t\t\t<div class=\"elementor-column elementor-col-50 elementor-top-column elementor-element elementor-element-34865cf\" data-id=\"34865cf\" data-element_type=\"column\" data-e-type=\"column\">\n\t\t\t<div class=\"elementor-widget-wrap elementor-element-populated\">\n\t\t\t\t\t\t<div class=\"elementor-element elementor-element-c029891 elementor-widget elementor-widget-image\" data-id=\"c029891\" data-element_type=\"widget\" data-e-type=\"widget\" data-widget_type=\"image.default\">\n\t\t\t\t<div class=\"elementor-widget-container\">\n\t\t\t\t\t\t\t\t\t\t\t\t\t\t\t\t<a href=\"\/es\/marcore-losa-cola-de-milano\/\">\n\t\t\t\t\t\t\t<img loading=\"lazy\" decoding=\"async\" width=\"525\" height=\"394\" src=\"https:\/\/marlynsteel.com\/wp-content\/uploads\/2025\/01\/Marcore-Dovetail-Deck-image-1024x768.jpg\" class=\"attachment-large size-large wp-image-1412\" alt=\"Marcore - composite floor deck, steel roof deck, or acoustical deck\" srcset=\"https:\/\/marlynsteel.com\/wp-content\/uploads\/2025\/01\/Marcore-Dovetail-Deck-image-1024x768.jpg 1024w, https:\/\/marlynsteel.com\/wp-content\/uploads\/2025\/01\/Marcore-Dovetail-Deck-image-300x225.jpg 300w, https:\/\/marlynsteel.com\/wp-content\/uploads\/2025\/01\/Marcore-Dovetail-Deck-image-768x576.jpg 768w, https:\/\/marlynsteel.com\/wp-content\/uploads\/2025\/01\/Marcore-Dovetail-Deck-image-1536x1152.jpg 1536w, https:\/\/marlynsteel.com\/wp-content\/uploads\/2025\/01\/Marcore-Dovetail-Deck-image-2048x1536.jpg 2048w\" sizes=\"(max-width: 525px) 100vw, 525px\" \/>\t\t\t\t\t\t\t\t<\/a>\n\t\t\t\t\t\t\t\t\t\t\t\t\t\t\t<\/div>\n\t\t\t\t<\/div>\n\t\t\t\t\t<\/div>\n\t\t<\/div>\n\t\t\t\t\t<\/div>\n\t\t<\/section>\n\t\t\t\t<\/div>\n\t\t","protected":false},"excerpt":{"rendered":"<p>Terraza de material compuesto La cubierta de techo es un panel de metal corrugado dise\u00f1ado e ingenierizado para ser utilizado como panel de techo estructural en edificios residenciales, comerciales y de varios pisos para soportar sistemas de techo de construcci\u00f3n o sistemas de techo de concreto ligero. Por lo general, son soportados en aplicaciones por [&hellip;]<\/p>\n","protected":false},"author":1,"featured_media":0,"parent":0,"menu_order":0,"comment_status":"closed","ping_status":"closed","template":"tpl-default-elementor.php","meta":{"footnotes":"","_links_to":"","_links_to_target":""},"class_list":["post-1499","page","type-page","status-publish","hentry"],"yoast_head":"<!-- This site is optimized with the Yoast SEO plugin v27.3 - https:\/\/yoast.com\/product\/yoast-seo-wordpress\/ -->\n<title>Productos - Marlyn Steel Deck<\/title>\n<meta name=\"robots\" content=\"index, follow, max-snippet:-1, max-image-preview:large, max-video-preview:-1\" \/>\n<link rel=\"canonical\" href=\"https:\/\/marlynsteel.com\/products\/\" \/>\n<meta property=\"og:locale\" content=\"es_ES\" \/>\n<meta property=\"og:type\" content=\"article\" \/>\n<meta property=\"og:title\" content=\"Productos - Marlyn Steel Deck\" \/>\n<meta property=\"og:description\" content=\"Terraza de material compuesto La cubierta de techo es un panel de metal corrugado dise\u00f1ado e ingenierizado para ser utilizado como panel de techo estructural en edificios residenciales, comerciales y de varios pisos para soportar sistemas de techo de construcci\u00f3n o sistemas de techo de concreto ligero. Por lo general, son soportados en aplicaciones por [&hellip;]\" \/>\n<meta property=\"og:url\" content=\"https:\/\/marlynsteel.com\/products\/\" \/>\n<meta property=\"og:site_name\" content=\"Marlyn Steel Deck\" \/>\n<meta property=\"article:modified_time\" content=\"2025-03-06T21:29:15+00:00\" \/>\n<meta property=\"og:image\" content=\"https:\/\/marlynsteel.com\/wp-content\/uploads\/2025\/01\/Composite-Deck-image-scaled.jpg\" \/>\n\t<meta property=\"og:image:width\" content=\"2560\" \/>\n\t<meta property=\"og:image:height\" content=\"1920\" \/>\n\t<meta property=\"og:image:type\" content=\"image\/jpeg\" \/>\n<meta name=\"twitter:card\" content=\"summary_large_image\" \/>\n<meta name=\"twitter:label1\" content=\"Tiempo de lectura\" \/>\n\t<meta name=\"twitter:data1\" content=\"3 minutos\" \/>\n<script type=\"application\/ld+json\" class=\"yoast-schema-graph\">{\"@context\":\"https:\\\/\\\/schema.org\",\"@graph\":[{\"@type\":\"WebPage\",\"@id\":\"https:\\\/\\\/marlynsteel.com\\\/products\\\/\",\"url\":\"https:\\\/\\\/marlynsteel.com\\\/products\\\/\",\"name\":\"Productos - Marlyn Steel Deck\",\"isPartOf\":{\"@id\":\"https:\\\/\\\/marlynsteel.com\\\/#website\"},\"primaryImageOfPage\":{\"@id\":\"https:\\\/\\\/marlynsteel.com\\\/products\\\/#primaryimage\"},\"image\":{\"@id\":\"https:\\\/\\\/marlynsteel.com\\\/products\\\/#primaryimage\"},\"thumbnailUrl\":\"https:\\\/\\\/marlynsteel.com\\\/wp-content\\\/uploads\\\/2025\\\/01\\\/Composite-Deck-image-1024x768.jpg\",\"datePublished\":\"2025-01-23T17:14:48+00:00\",\"dateModified\":\"2025-03-06T21:29:15+00:00\",\"breadcrumb\":{\"@id\":\"https:\\\/\\\/marlynsteel.com\\\/products\\\/#breadcrumb\"},\"inLanguage\":\"es\",\"potentialAction\":[{\"@type\":\"ReadAction\",\"target\":[\"https:\\\/\\\/marlynsteel.com\\\/products\\\/\"]}]},{\"@type\":\"ImageObject\",\"inLanguage\":\"es\",\"@id\":\"https:\\\/\\\/marlynsteel.com\\\/products\\\/#primaryimage\",\"url\":\"https:\\\/\\\/marlynsteel.com\\\/wp-content\\\/uploads\\\/2025\\\/01\\\/Composite-Deck-image-1024x768.jpg\",\"contentUrl\":\"https:\\\/\\\/marlynsteel.com\\\/wp-content\\\/uploads\\\/2025\\\/01\\\/Composite-Deck-image-1024x768.jpg\"},{\"@type\":\"BreadcrumbList\",\"@id\":\"https:\\\/\\\/marlynsteel.com\\\/products\\\/#breadcrumb\",\"itemListElement\":[{\"@type\":\"ListItem\",\"position\":1,\"name\":\"Home\",\"item\":\"https:\\\/\\\/marlynsteel.com\\\/es\\\/\"},{\"@type\":\"ListItem\",\"position\":2,\"name\":\"Productos\"}]},{\"@type\":\"WebSite\",\"@id\":\"https:\\\/\\\/marlynsteel.com\\\/#website\",\"url\":\"https:\\\/\\\/marlynsteel.com\\\/\",\"name\":\"Marlyn Steel Deck\",\"description\":\"\",\"potentialAction\":[{\"@type\":\"SearchAction\",\"target\":{\"@type\":\"EntryPoint\",\"urlTemplate\":\"https:\\\/\\\/marlynsteel.com\\\/?s={search_term_string}\"},\"query-input\":{\"@type\":\"PropertyValueSpecification\",\"valueRequired\":true,\"valueName\":\"search_term_string\"}}],\"inLanguage\":\"es\"}]}<\/script>\n<!-- \/ Yoast SEO plugin. -->","yoast_head_json":{"title":"Productos - Marlyn Steel Deck","robots":{"index":"index","follow":"follow","max-snippet":"max-snippet:-1","max-image-preview":"max-image-preview:large","max-video-preview":"max-video-preview:-1"},"canonical":"https:\/\/marlynsteel.com\/products\/","og_locale":"es_ES","og_type":"article","og_title":"Productos - Marlyn Steel Deck","og_description":"Terraza de material compuesto La cubierta de techo es un panel de metal corrugado dise\u00f1ado e ingenierizado para ser utilizado como panel de techo estructural en edificios residenciales, comerciales y de varios pisos para soportar sistemas de techo de construcci\u00f3n o sistemas de techo de concreto ligero. Por lo general, son soportados en aplicaciones por [&hellip;]","og_url":"https:\/\/marlynsteel.com\/products\/","og_site_name":"Marlyn Steel Deck","article_modified_time":"2025-03-06T21:29:15+00:00","og_image":[{"width":2560,"height":1920,"url":"https:\/\/marlynsteel.com\/wp-content\/uploads\/2025\/01\/Composite-Deck-image-scaled.jpg","type":"image\/jpeg"}],"twitter_card":"summary_large_image","twitter_misc":{"Tiempo de lectura":"3 minutos"},"schema":{"@context":"https:\/\/schema.org","@graph":[{"@type":"WebPage","@id":"https:\/\/marlynsteel.com\/products\/","url":"https:\/\/marlynsteel.com\/products\/","name":"Productos - Marlyn Steel Deck","isPartOf":{"@id":"https:\/\/marlynsteel.com\/#website"},"primaryImageOfPage":{"@id":"https:\/\/marlynsteel.com\/products\/#primaryimage"},"image":{"@id":"https:\/\/marlynsteel.com\/products\/#primaryimage"},"thumbnailUrl":"https:\/\/marlynsteel.com\/wp-content\/uploads\/2025\/01\/Composite-Deck-image-1024x768.jpg","datePublished":"2025-01-23T17:14:48+00:00","dateModified":"2025-03-06T21:29:15+00:00","breadcrumb":{"@id":"https:\/\/marlynsteel.com\/products\/#breadcrumb"},"inLanguage":"es","potentialAction":[{"@type":"ReadAction","target":["https:\/\/marlynsteel.com\/products\/"]}]},{"@type":"ImageObject","inLanguage":"es","@id":"https:\/\/marlynsteel.com\/products\/#primaryimage","url":"https:\/\/marlynsteel.com\/wp-content\/uploads\/2025\/01\/Composite-Deck-image-1024x768.jpg","contentUrl":"https:\/\/marlynsteel.com\/wp-content\/uploads\/2025\/01\/Composite-Deck-image-1024x768.jpg"},{"@type":"BreadcrumbList","@id":"https:\/\/marlynsteel.com\/products\/#breadcrumb","itemListElement":[{"@type":"ListItem","position":1,"name":"Home","item":"https:\/\/marlynsteel.com\/es\/"},{"@type":"ListItem","position":2,"name":"Productos"}]},{"@type":"WebSite","@id":"https:\/\/marlynsteel.com\/#website","url":"https:\/\/marlynsteel.com\/","name":"Marlyn Steel Deck","description":"","potentialAction":[{"@type":"SearchAction","target":{"@type":"EntryPoint","urlTemplate":"https:\/\/marlynsteel.com\/?s={search_term_string}"},"query-input":{"@type":"PropertyValueSpecification","valueRequired":true,"valueName":"search_term_string"}}],"inLanguage":"es"}]}},"_links":{"self":[{"href":"https:\/\/marlynsteel.com\/es\/wp-json\/wp\/v2\/pages\/1499","targetHints":{"allow":["GET"]}}],"collection":[{"href":"https:\/\/marlynsteel.com\/es\/wp-json\/wp\/v2\/pages"}],"about":[{"href":"https:\/\/marlynsteel.com\/es\/wp-json\/wp\/v2\/types\/page"}],"author":[{"embeddable":true,"href":"https:\/\/marlynsteel.com\/es\/wp-json\/wp\/v2\/users\/1"}],"replies":[{"embeddable":true,"href":"https:\/\/marlynsteel.com\/es\/wp-json\/wp\/v2\/comments?post=1499"}],"version-history":[{"count":11,"href":"https:\/\/marlynsteel.com\/es\/wp-json\/wp\/v2\/pages\/1499\/revisions"}],"predecessor-version":[{"id":2131,"href":"https:\/\/marlynsteel.com\/es\/wp-json\/wp\/v2\/pages\/1499\/revisions\/2131"}],"wp:attachment":[{"href":"https:\/\/marlynsteel.com\/es\/wp-json\/wp\/v2\/media?parent=1499"}],"curies":[{"name":"wp","href":"https:\/\/api.w.org\/{rel}","templated":true}]}}