{"id":1515,"date":"2025-01-16T14:19:06","date_gmt":"2025-01-16T19:19:06","guid":{"rendered":"https:\/\/marlynsteel.com\/?page_id=1515"},"modified":"2025-04-21T08:48:18","modified_gmt":"2025-04-21T12:48:18","slug":"forjado-de-cubierta","status":"publish","type":"page","link":"https:\/\/marlynsteel.com\/es\/forjado-de-cubierta\/","title":{"rendered":"Forjado de cubierta"},"content":{"rendered":"\t\t<div data-elementor-type=\"wp-page\" data-elementor-id=\"1515\" class=\"elementor elementor-1515 elementor-989\">\n\t\t\t\t\t\t<section class=\"elementor-section elementor-top-section elementor-element elementor-element-64fd39d elementor-section-full_width elementor-section-stretched elementor-section-height-default elementor-section-height-default\" data-id=\"64fd39d\" data-element_type=\"section\" data-e-type=\"section\" data-settings=\"{&quot;stretch_section&quot;:&quot;section-stretched&quot;,&quot;background_background&quot;:&quot;classic&quot;}\">\n\t\t\t\t\t\t<div class=\"elementor-container elementor-column-gap-default\">\n\t\t\t\t\t<div class=\"elementor-column elementor-col-50 elementor-top-column elementor-element elementor-element-3262ede\" data-id=\"3262ede\" data-element_type=\"column\" data-e-type=\"column\">\n\t\t\t<div class=\"elementor-widget-wrap elementor-element-populated\">\n\t\t\t\t\t\t<div class=\"elementor-element elementor-element-c61b1d3 elementor-widget elementor-widget-image\" data-id=\"c61b1d3\" data-element_type=\"widget\" data-e-type=\"widget\" data-widget_type=\"image.default\">\n\t\t\t\t<div class=\"elementor-widget-container\">\n\t\t\t\t\t\t\t\t\t\t\t\t\t\t\t<img fetchpriority=\"high\" decoding=\"async\" width=\"525\" height=\"394\" src=\"https:\/\/marlynsteel.com\/wp-content\/uploads\/2025\/01\/roof-deck1-B-Wide-Rib-Deck--1024x768.jpg\" class=\"attachment-large size-large wp-image-1203\" alt=\"B deck profile for commercial roof deck installation\" srcset=\"https:\/\/marlynsteel.com\/wp-content\/uploads\/2025\/01\/roof-deck1-B-Wide-Rib-Deck--1024x768.jpg 1024w, https:\/\/marlynsteel.com\/wp-content\/uploads\/2025\/01\/roof-deck1-B-Wide-Rib-Deck--300x225.jpg 300w, https:\/\/marlynsteel.com\/wp-content\/uploads\/2025\/01\/roof-deck1-B-Wide-Rib-Deck--768x576.jpg 768w, https:\/\/marlynsteel.com\/wp-content\/uploads\/2025\/01\/roof-deck1-B-Wide-Rib-Deck--1536x1152.jpg 1536w, https:\/\/marlynsteel.com\/wp-content\/uploads\/2025\/01\/roof-deck1-B-Wide-Rib-Deck--2048x1535.jpg 2048w, https:\/\/marlynsteel.com\/wp-content\/uploads\/2025\/01\/roof-deck1-B-Wide-Rib-Deck--600x450.jpg 600w\" sizes=\"(max-width: 525px) 100vw, 525px\" \/>\t\t\t\t\t\t\t\t\t\t\t\t\t\t\t<\/div>\n\t\t\t\t<\/div>\n\t\t\t\t\t<\/div>\n\t\t<\/div>\n\t\t\t\t<div class=\"elementor-column elementor-col-50 elementor-top-column elementor-element elementor-element-6619f98\" data-id=\"6619f98\" data-element_type=\"column\" data-e-type=\"column\">\n\t\t\t<div class=\"elementor-widget-wrap elementor-element-populated\">\n\t\t\t\t\t\t<div class=\"elementor-element elementor-element-03ee097 elementor-widget elementor-widget-heading\" data-id=\"03ee097\" data-element_type=\"widget\" data-e-type=\"widget\" data-widget_type=\"heading.default\">\n\t\t\t\t<div class=\"elementor-widget-container\">\n\t\t\t\t\t<h2 class=\"elementor-heading-title elementor-size-default\">B Wide Rib Deck<\/h2>\t\t\t\t<\/div>\n\t\t\t\t<\/div>\n\t\t\t\t<div class=\"elementor-element elementor-element-826fcd9 elementor-widget elementor-widget-text-editor\" data-id=\"826fcd9\" data-element_type=\"widget\" data-e-type=\"widget\" data-widget_type=\"text-editor.default\">\n\t\t\t\t<div class=\"elementor-widget-container\">\n\t\t\t\t\t\t\t\t\t<p>La cubierta B, que es una cubierta de costilla ancha de 1.5&#8243; de profundidad, es la cubierta de techo m\u00e1s com\u00fan y m\u00e1s econ\u00f3mica utilizada. Tiene la mayor relaci\u00f3n resistencia-peso, lo que le permite soportar cargas m\u00e1s altas y luces m\u00e1s largas que cualquier otra cubierta de techo de 1.5&#8243;. Est\u00e1 disponible en calibres 16, 18, 20 y 22 con acabados galvanizados G60 o G90 y tambi\u00e9n est\u00e1 disponible en gris pintado y acero inoxidable.<\/p>\t\t\t\t\t\t\t\t<\/div>\n\t\t\t\t<\/div>\n\t\t\t\t<div class=\"elementor-element elementor-element-1a395f0 elementor-widget elementor-widget-button\" data-id=\"1a395f0\" data-element_type=\"widget\" data-e-type=\"widget\" data-widget_type=\"button.default\">\n\t\t\t\t<div class=\"elementor-widget-container\">\n\t\t\t\t\t\t\t\t\t<div class=\"elementor-button-wrapper\">\n\t\t\t\t\t<a class=\"elementor-button elementor-button-link elementor-size-sm\" href=\"\/wp-content\/uploads\/2025\/01\/5011_B.pdf\" target=\"_blank\">\n\t\t\t\t\t\t<span class=\"elementor-button-content-wrapper\">\n\t\t\t\t\t\t\t\t\t<span class=\"elementor-button-text\">Datos t\u00e9cnicos<\/span>\n\t\t\t\t\t<\/span>\n\t\t\t\t\t<\/a>\n\t\t\t\t<\/div>\n\t\t\t\t\t\t\t\t<\/div>\n\t\t\t\t<\/div>\n\t\t\t\t\t<\/div>\n\t\t<\/div>\n\t\t\t\t\t<\/div>\n\t\t<\/section>\n\t\t\t\t<section class=\"elementor-section elementor-top-section elementor-element elementor-element-9bf99c7 elementor-section-stretched elementor-section-boxed elementor-section-height-default elementor-section-height-default\" data-id=\"9bf99c7\" data-element_type=\"section\" data-e-type=\"section\" data-settings=\"{&quot;stretch_section&quot;:&quot;section-stretched&quot;}\">\n\t\t\t\t\t\t<div class=\"elementor-container elementor-column-gap-default\">\n\t\t\t\t\t<div class=\"elementor-column elementor-col-50 elementor-top-column elementor-element elementor-element-f9e1348\" data-id=\"f9e1348\" data-element_type=\"column\" data-e-type=\"column\">\n\t\t\t<div class=\"elementor-widget-wrap elementor-element-populated\">\n\t\t\t\t\t\t<div class=\"elementor-element elementor-element-a622078 elementor-widget elementor-widget-heading\" data-id=\"a622078\" data-element_type=\"widget\" data-e-type=\"widget\" data-widget_type=\"heading.default\">\n\t\t\t\t<div class=\"elementor-widget-container\">\n\t\t\t\t\t<h2 class=\"elementor-heading-title elementor-size-default\">F Deck Intermediate Rib Deck<\/h2>\t\t\t\t<\/div>\n\t\t\t\t<\/div>\n\t\t\t\t<div class=\"elementor-element elementor-element-b025b9d elementor-widget elementor-widget-text-editor\" data-id=\"b025b9d\" data-element_type=\"widget\" data-e-type=\"widget\" data-widget_type=\"text-editor.default\">\n\t\t\t\t<div class=\"elementor-widget-container\">\n\t\t\t\t\t\t\t\t\t<p>La cubierta Tipo F, tambi\u00e9n conocida como cubierta de costilla intermedia, es una cubierta de techo com\u00fanmente utilizada. Est\u00e1 disponible en calibres 18, 20 y 22 con acabado galvanizado G60, G90 o pintado en gris.<\/p>\t\t\t\t\t\t\t\t<\/div>\n\t\t\t\t<\/div>\n\t\t\t\t<div class=\"elementor-element elementor-element-8f31ae4 elementor-widget elementor-widget-button\" data-id=\"8f31ae4\" data-element_type=\"widget\" data-e-type=\"widget\" data-widget_type=\"button.default\">\n\t\t\t\t<div class=\"elementor-widget-container\">\n\t\t\t\t\t\t\t\t\t<div class=\"elementor-button-wrapper\">\n\t\t\t\t\t<a class=\"elementor-button elementor-button-link elementor-size-sm\" href=\"\/wp-content\/uploads\/2025\/01\/5015_F.pdf\" target=\"_blank\">\n\t\t\t\t\t\t<span class=\"elementor-button-content-wrapper\">\n\t\t\t\t\t\t\t\t\t<span class=\"elementor-button-text\">Datos t\u00e9cnicos<\/span>\n\t\t\t\t\t<\/span>\n\t\t\t\t\t<\/a>\n\t\t\t\t<\/div>\n\t\t\t\t\t\t\t\t<\/div>\n\t\t\t\t<\/div>\n\t\t\t\t\t<\/div>\n\t\t<\/div>\n\t\t\t\t<div class=\"elementor-column elementor-col-50 elementor-top-column elementor-element elementor-element-9738e70\" data-id=\"9738e70\" data-element_type=\"column\" data-e-type=\"column\">\n\t\t\t<div class=\"elementor-widget-wrap elementor-element-populated\">\n\t\t\t\t\t\t<div class=\"elementor-element elementor-element-84f07b4 elementor-widget elementor-widget-image\" data-id=\"84f07b4\" data-element_type=\"widget\" data-e-type=\"widget\" data-widget_type=\"image.default\">\n\t\t\t\t<div class=\"elementor-widget-container\">\n\t\t\t\t\t\t\t\t\t\t\t\t\t\t\t<img decoding=\"async\" width=\"525\" height=\"394\" src=\"https:\/\/marlynsteel.com\/wp-content\/uploads\/2025\/01\/roof-deck2-F-Deck-Intermediate-Rib-Deck--1024x768.jpg\" class=\"attachment-large size-large wp-image-1204\" alt=\"F deck used in roof deck systems with painted gray finish\" srcset=\"https:\/\/marlynsteel.com\/wp-content\/uploads\/2025\/01\/roof-deck2-F-Deck-Intermediate-Rib-Deck--1024x768.jpg 1024w, https:\/\/marlynsteel.com\/wp-content\/uploads\/2025\/01\/roof-deck2-F-Deck-Intermediate-Rib-Deck--300x225.jpg 300w, https:\/\/marlynsteel.com\/wp-content\/uploads\/2025\/01\/roof-deck2-F-Deck-Intermediate-Rib-Deck--768x576.jpg 768w, https:\/\/marlynsteel.com\/wp-content\/uploads\/2025\/01\/roof-deck2-F-Deck-Intermediate-Rib-Deck--1536x1152.jpg 1536w, https:\/\/marlynsteel.com\/wp-content\/uploads\/2025\/01\/roof-deck2-F-Deck-Intermediate-Rib-Deck--2048x1536.jpg 2048w, https:\/\/marlynsteel.com\/wp-content\/uploads\/2025\/01\/roof-deck2-F-Deck-Intermediate-Rib-Deck--600x450.jpg 600w\" sizes=\"(max-width: 525px) 100vw, 525px\" \/>\t\t\t\t\t\t\t\t\t\t\t\t\t\t\t<\/div>\n\t\t\t\t<\/div>\n\t\t\t\t\t<\/div>\n\t\t<\/div>\n\t\t\t\t\t<\/div>\n\t\t<\/section>\n\t\t\t\t<section class=\"elementor-section elementor-top-section elementor-element elementor-element-f4120c5 elementor-section-full_width elementor-section-stretched elementor-section-height-default elementor-section-height-default\" data-id=\"f4120c5\" data-element_type=\"section\" data-e-type=\"section\" data-settings=\"{&quot;stretch_section&quot;:&quot;section-stretched&quot;,&quot;background_background&quot;:&quot;classic&quot;}\">\n\t\t\t\t\t\t<div class=\"elementor-container elementor-column-gap-default\">\n\t\t\t\t\t<div class=\"elementor-column elementor-col-50 elementor-top-column elementor-element elementor-element-7c1eeaa\" data-id=\"7c1eeaa\" data-element_type=\"column\" data-e-type=\"column\">\n\t\t\t<div class=\"elementor-widget-wrap elementor-element-populated\">\n\t\t\t\t\t\t<div class=\"elementor-element elementor-element-6ef1a9c elementor-widget elementor-widget-image\" data-id=\"6ef1a9c\" data-element_type=\"widget\" data-e-type=\"widget\" data-widget_type=\"image.default\">\n\t\t\t\t<div class=\"elementor-widget-container\">\n\t\t\t\t\t\t\t\t\t\t\t\t\t\t\t<img decoding=\"async\" width=\"525\" height=\"394\" src=\"https:\/\/marlynsteel.com\/wp-content\/uploads\/2025\/01\/roof-deck3-N-Deck-Deep-Rib-Deck-1024x768.jpg\" class=\"attachment-large size-large wp-image-1205\" alt=\"N Deck - Deep rib roof deck used in large commercial buildings\" srcset=\"https:\/\/marlynsteel.com\/wp-content\/uploads\/2025\/01\/roof-deck3-N-Deck-Deep-Rib-Deck-1024x768.jpg 1024w, https:\/\/marlynsteel.com\/wp-content\/uploads\/2025\/01\/roof-deck3-N-Deck-Deep-Rib-Deck-300x225.jpg 300w, https:\/\/marlynsteel.com\/wp-content\/uploads\/2025\/01\/roof-deck3-N-Deck-Deep-Rib-Deck-768x576.jpg 768w, https:\/\/marlynsteel.com\/wp-content\/uploads\/2025\/01\/roof-deck3-N-Deck-Deep-Rib-Deck-1536x1152.jpg 1536w, https:\/\/marlynsteel.com\/wp-content\/uploads\/2025\/01\/roof-deck3-N-Deck-Deep-Rib-Deck-2048x1536.jpg 2048w, https:\/\/marlynsteel.com\/wp-content\/uploads\/2025\/01\/roof-deck3-N-Deck-Deep-Rib-Deck-600x450.jpg 600w\" sizes=\"(max-width: 525px) 100vw, 525px\" \/>\t\t\t\t\t\t\t\t\t\t\t\t\t\t\t<\/div>\n\t\t\t\t<\/div>\n\t\t\t\t\t<\/div>\n\t\t<\/div>\n\t\t\t\t<div class=\"elementor-column elementor-col-50 elementor-top-column elementor-element elementor-element-094c923\" data-id=\"094c923\" data-element_type=\"column\" data-e-type=\"column\">\n\t\t\t<div class=\"elementor-widget-wrap elementor-element-populated\">\n\t\t\t\t\t\t<div class=\"elementor-element elementor-element-10f700e elementor-widget elementor-widget-heading\" data-id=\"10f700e\" data-element_type=\"widget\" data-e-type=\"widget\" data-widget_type=\"heading.default\">\n\t\t\t\t<div class=\"elementor-widget-container\">\n\t\t\t\t\t<h2 class=\"elementor-heading-title elementor-size-default\">N Deck Deep Rib Deck<\/h2>\t\t\t\t<\/div>\n\t\t\t\t<\/div>\n\t\t\t\t<div class=\"elementor-element elementor-element-6aaaaee elementor-widget elementor-widget-text-editor\" data-id=\"6aaaaee\" data-element_type=\"widget\" data-e-type=\"widget\" data-widget_type=\"text-editor.default\">\n\t\t\t\t<div class=\"elementor-widget-container\">\n\t\t\t\t\t\t\t\t\t<p>La cubierta N es una cubierta de techo de 3&#8243; de profundidad t\u00edpicamente utilizada en luces m\u00e1s largas. La cubierta N se utiliza en aplicaciones donde la cubierta de 1.5&#8243; no puede cubrir la distancia. Es ideal para luces superiores a 10&#8242;. La cubierta N est\u00e1 disponible en calibres 16, 18, 20 y 22 con un acabado galvanizado G60 o G90.<\/p>\t\t\t\t\t\t\t\t<\/div>\n\t\t\t\t<\/div>\n\t\t\t\t<div class=\"elementor-element elementor-element-dd8f0ee elementor-widget elementor-widget-button\" data-id=\"dd8f0ee\" data-element_type=\"widget\" data-e-type=\"widget\" data-widget_type=\"button.default\">\n\t\t\t\t<div class=\"elementor-widget-container\">\n\t\t\t\t\t\t\t\t\t<div class=\"elementor-button-wrapper\">\n\t\t\t\t\t<a class=\"elementor-button elementor-button-link elementor-size-sm\" href=\"\/wp-content\/uploads\/2025\/01\/5019_N.pdf\" target=\"_blank\">\n\t\t\t\t\t\t<span class=\"elementor-button-content-wrapper\">\n\t\t\t\t\t\t\t\t\t<span class=\"elementor-button-text\">Datos t\u00e9cnicos<\/span>\n\t\t\t\t\t<\/span>\n\t\t\t\t\t<\/a>\n\t\t\t\t<\/div>\n\t\t\t\t\t\t\t\t<\/div>\n\t\t\t\t<\/div>\n\t\t\t\t\t<\/div>\n\t\t<\/div>\n\t\t\t\t\t<\/div>\n\t\t<\/section>\n\t\t\t\t<section class=\"elementor-section elementor-top-section elementor-element elementor-element-c760b90 elementor-section-stretched elementor-section-boxed elementor-section-height-default elementor-section-height-default\" data-id=\"c760b90\" data-element_type=\"section\" data-e-type=\"section\" data-settings=\"{&quot;stretch_section&quot;:&quot;section-stretched&quot;}\">\n\t\t\t\t\t\t<div class=\"elementor-container elementor-column-gap-default\">\n\t\t\t\t\t<div class=\"elementor-column elementor-col-50 elementor-top-column elementor-element elementor-element-8c8e542\" data-id=\"8c8e542\" data-element_type=\"column\" data-e-type=\"column\">\n\t\t\t<div class=\"elementor-widget-wrap elementor-element-populated\">\n\t\t\t\t\t\t<div class=\"elementor-element elementor-element-606fad2 elementor-widget elementor-widget-heading\" data-id=\"606fad2\" data-element_type=\"widget\" data-e-type=\"widget\" data-widget_type=\"heading.default\">\n\t\t\t\t<div class=\"elementor-widget-container\">\n\t\t\t\t\t<h2 class=\"elementor-heading-title elementor-size-default\">A Deck Narrow Rib Deck<\/h2>\t\t\t\t<\/div>\n\t\t\t\t<\/div>\n\t\t\t\t<div class=\"elementor-element elementor-element-628ee66 elementor-widget elementor-widget-text-editor\" data-id=\"628ee66\" data-element_type=\"widget\" data-e-type=\"widget\" data-widget_type=\"text-editor.default\">\n\t\t\t\t<div class=\"elementor-widget-container\">\n\t\t\t\t\t\t\t\t\t<p>La cubierta A es una cubierta de techo de costilla estrecha. Se utiliza t\u00edpicamente como relleno en la rehabilitaci\u00f3n de edificios.<\/p>\t\t\t\t\t\t\t\t<\/div>\n\t\t\t\t<\/div>\n\t\t\t\t<div class=\"elementor-element elementor-element-6f4c166 elementor-widget elementor-widget-button\" data-id=\"6f4c166\" data-element_type=\"widget\" data-e-type=\"widget\" data-widget_type=\"button.default\">\n\t\t\t\t<div class=\"elementor-widget-container\">\n\t\t\t\t\t\t\t\t\t<div class=\"elementor-button-wrapper\">\n\t\t\t\t\t<a class=\"elementor-button elementor-button-link elementor-size-sm\" href=\"#\" target=\"_blank\">\n\t\t\t\t\t\t<span class=\"elementor-button-content-wrapper\">\n\t\t\t\t\t\t\t\t\t<span class=\"elementor-button-text\">Datos t\u00e9cnicos<\/span>\n\t\t\t\t\t<\/span>\n\t\t\t\t\t<\/a>\n\t\t\t\t<\/div>\n\t\t\t\t\t\t\t\t<\/div>\n\t\t\t\t<\/div>\n\t\t\t\t\t<\/div>\n\t\t<\/div>\n\t\t\t\t<div class=\"elementor-column elementor-col-50 elementor-top-column elementor-element elementor-element-34865cf\" data-id=\"34865cf\" data-element_type=\"column\" data-e-type=\"column\">\n\t\t\t<div class=\"elementor-widget-wrap elementor-element-populated\">\n\t\t\t\t\t\t<div class=\"elementor-element elementor-element-c029891 elementor-widget elementor-widget-image\" data-id=\"c029891\" data-element_type=\"widget\" data-e-type=\"widget\" data-widget_type=\"image.default\">\n\t\t\t\t<div class=\"elementor-widget-container\">\n\t\t\t\t\t\t\t\t\t\t\t\t\t\t\t<img loading=\"lazy\" decoding=\"async\" width=\"525\" height=\"394\" src=\"https:\/\/marlynsteel.com\/wp-content\/uploads\/2025\/03\/roof-deck-A-1024x768.jpg\" class=\"attachment-large size-large wp-image-2140\" alt=\"A deck used as infill in roof deck retrofits\" srcset=\"https:\/\/marlynsteel.com\/wp-content\/uploads\/2025\/03\/roof-deck-A-1024x768.jpg 1024w, https:\/\/marlynsteel.com\/wp-content\/uploads\/2025\/03\/roof-deck-A-300x225.jpg 300w, https:\/\/marlynsteel.com\/wp-content\/uploads\/2025\/03\/roof-deck-A-768x576.jpg 768w, https:\/\/marlynsteel.com\/wp-content\/uploads\/2025\/03\/roof-deck-A-1536x1152.jpg 1536w, https:\/\/marlynsteel.com\/wp-content\/uploads\/2025\/03\/roof-deck-A-2048x1536.jpg 2048w\" sizes=\"(max-width: 525px) 100vw, 525px\" \/>\t\t\t\t\t\t\t\t\t\t\t\t\t\t\t<\/div>\n\t\t\t\t<\/div>\n\t\t\t\t\t<\/div>\n\t\t<\/div>\n\t\t\t\t\t<\/div>\n\t\t<\/section>\n\t\t<div class=\"elementor-element elementor-element-7b0dcf7 e-flex e-con-boxed e-con e-parent\" data-id=\"7b0dcf7\" data-element_type=\"container\" data-e-type=\"container\">\n\t\t\t\t\t<div class=\"e-con-inner\">\n\t\t\t\t<div class=\"elementor-element elementor-element-1a47b01 elementor-align-center elementor-widget elementor-widget-button\" data-id=\"1a47b01\" data-element_type=\"widget\" data-e-type=\"widget\" data-widget_type=\"button.default\">\n\t\t\t\t<div class=\"elementor-widget-container\">\n\t\t\t\t\t\t\t\t\t<div class=\"elementor-button-wrapper\">\n\t\t\t\t\t<a class=\"elementor-button elementor-button-link elementor-size-sm\" href=\"\/wp-content\/uploads\/2025\/01\/5068_Roof-Deck-Spec.pdf\" target=\"_blank\">\n\t\t\t\t\t\t<span class=\"elementor-button-content-wrapper\">\n\t\t\t\t\t\t\t\t\t<span class=\"elementor-button-text\">Descargar Especificaciones de Cubiertas de Techo<\/span>\n\t\t\t\t\t<\/span>\n\t\t\t\t\t<\/a>\n\t\t\t\t<\/div>\n\t\t\t\t\t\t\t\t<\/div>\n\t\t\t\t<\/div>\n\t\t\t\t\t<\/div>\n\t\t\t\t<\/div>\n\t\t\t\t<\/div>\n\t\t","protected":false},"excerpt":{"rendered":"<p>B Wide Rib Deck La cubierta B, que es una cubierta de costilla ancha de 1.5&#8243; de profundidad, es la cubierta de techo m\u00e1s com\u00fan y m\u00e1s econ\u00f3mica utilizada. Tiene la mayor relaci\u00f3n resistencia-peso, lo que le permite soportar cargas m\u00e1s altas y luces m\u00e1s largas que cualquier otra cubierta de techo de 1.5&#8243;. Est\u00e1 [&hellip;]<\/p>\n","protected":false},"author":1,"featured_media":0,"parent":0,"menu_order":0,"comment_status":"closed","ping_status":"closed","template":"tpl-default-elementor.php","meta":{"footnotes":"","_links_to":"","_links_to_target":""},"class_list":["post-1515","page","type-page","status-publish","hentry"],"yoast_head":"<!-- This site is optimized with the Yoast SEO plugin v27.3 - https:\/\/yoast.com\/product\/yoast-seo-wordpress\/ -->\n<title>Forjado de cubierta - Marlyn Steel Deck<\/title>\n<meta name=\"robots\" content=\"index, follow, max-snippet:-1, max-image-preview:large, max-video-preview:-1\" \/>\n<link rel=\"canonical\" href=\"https:\/\/marlynsteel.com\/roof-deck\/\" \/>\n<meta property=\"og:locale\" content=\"es_ES\" \/>\n<meta property=\"og:type\" content=\"article\" \/>\n<meta property=\"og:title\" content=\"Forjado de cubierta - Marlyn Steel Deck\" \/>\n<meta property=\"og:description\" content=\"B Wide Rib Deck La cubierta B, que es una cubierta de costilla ancha de 1.5&#8243; de profundidad, es la cubierta de techo m\u00e1s com\u00fan y m\u00e1s econ\u00f3mica utilizada. Tiene la mayor relaci\u00f3n resistencia-peso, lo que le permite soportar cargas m\u00e1s altas y luces m\u00e1s largas que cualquier otra cubierta de techo de 1.5&#8243;. Est\u00e1 [&hellip;]\" \/>\n<meta property=\"og:url\" content=\"https:\/\/marlynsteel.com\/roof-deck\/\" \/>\n<meta property=\"og:site_name\" content=\"Marlyn Steel Deck\" \/>\n<meta property=\"article:modified_time\" content=\"2025-04-21T12:48:18+00:00\" \/>\n<meta property=\"og:image\" content=\"https:\/\/marlynsteel.com\/wp-content\/uploads\/2025\/01\/roof-deck1-B-Wide-Rib-Deck--scaled.jpg\" \/>\n\t<meta property=\"og:image:width\" content=\"2560\" \/>\n\t<meta property=\"og:image:height\" content=\"1919\" \/>\n\t<meta property=\"og:image:type\" content=\"image\/jpeg\" \/>\n<meta name=\"twitter:card\" content=\"summary_large_image\" \/>\n<meta name=\"twitter:label1\" content=\"Tiempo de lectura\" \/>\n\t<meta name=\"twitter:data1\" content=\"1 minuto\" \/>\n<script type=\"application\/ld+json\" class=\"yoast-schema-graph\">{\"@context\":\"https:\\\/\\\/schema.org\",\"@graph\":[{\"@type\":\"WebPage\",\"@id\":\"https:\\\/\\\/marlynsteel.com\\\/roof-deck\\\/\",\"url\":\"https:\\\/\\\/marlynsteel.com\\\/roof-deck\\\/\",\"name\":\"Forjado de cubierta - Marlyn Steel Deck\",\"isPartOf\":{\"@id\":\"https:\\\/\\\/marlynsteel.com\\\/#website\"},\"primaryImageOfPage\":{\"@id\":\"https:\\\/\\\/marlynsteel.com\\\/roof-deck\\\/#primaryimage\"},\"image\":{\"@id\":\"https:\\\/\\\/marlynsteel.com\\\/roof-deck\\\/#primaryimage\"},\"thumbnailUrl\":\"https:\\\/\\\/marlynsteel.com\\\/wp-content\\\/uploads\\\/2025\\\/01\\\/roof-deck1-B-Wide-Rib-Deck--1024x768.jpg\",\"datePublished\":\"2025-01-16T19:19:06+00:00\",\"dateModified\":\"2025-04-21T12:48:18+00:00\",\"breadcrumb\":{\"@id\":\"https:\\\/\\\/marlynsteel.com\\\/roof-deck\\\/#breadcrumb\"},\"inLanguage\":\"es\",\"potentialAction\":[{\"@type\":\"ReadAction\",\"target\":[\"https:\\\/\\\/marlynsteel.com\\\/roof-deck\\\/\"]}]},{\"@type\":\"ImageObject\",\"inLanguage\":\"es\",\"@id\":\"https:\\\/\\\/marlynsteel.com\\\/roof-deck\\\/#primaryimage\",\"url\":\"https:\\\/\\\/marlynsteel.com\\\/wp-content\\\/uploads\\\/2025\\\/01\\\/roof-deck1-B-Wide-Rib-Deck--1024x768.jpg\",\"contentUrl\":\"https:\\\/\\\/marlynsteel.com\\\/wp-content\\\/uploads\\\/2025\\\/01\\\/roof-deck1-B-Wide-Rib-Deck--1024x768.jpg\"},{\"@type\":\"BreadcrumbList\",\"@id\":\"https:\\\/\\\/marlynsteel.com\\\/roof-deck\\\/#breadcrumb\",\"itemListElement\":[{\"@type\":\"ListItem\",\"position\":1,\"name\":\"Home\",\"item\":\"https:\\\/\\\/marlynsteel.com\\\/es\\\/\"},{\"@type\":\"ListItem\",\"position\":2,\"name\":\"Forjado de cubierta\"}]},{\"@type\":\"WebSite\",\"@id\":\"https:\\\/\\\/marlynsteel.com\\\/#website\",\"url\":\"https:\\\/\\\/marlynsteel.com\\\/\",\"name\":\"Marlyn Steel Deck\",\"description\":\"\",\"potentialAction\":[{\"@type\":\"SearchAction\",\"target\":{\"@type\":\"EntryPoint\",\"urlTemplate\":\"https:\\\/\\\/marlynsteel.com\\\/?s={search_term_string}\"},\"query-input\":{\"@type\":\"PropertyValueSpecification\",\"valueRequired\":true,\"valueName\":\"search_term_string\"}}],\"inLanguage\":\"es\"}]}<\/script>\n<!-- \/ Yoast SEO plugin. -->","yoast_head_json":{"title":"Forjado de cubierta - Marlyn Steel Deck","robots":{"index":"index","follow":"follow","max-snippet":"max-snippet:-1","max-image-preview":"max-image-preview:large","max-video-preview":"max-video-preview:-1"},"canonical":"https:\/\/marlynsteel.com\/roof-deck\/","og_locale":"es_ES","og_type":"article","og_title":"Forjado de cubierta - Marlyn Steel Deck","og_description":"B Wide Rib Deck La cubierta B, que es una cubierta de costilla ancha de 1.5&#8243; de profundidad, es la cubierta de techo m\u00e1s com\u00fan y m\u00e1s econ\u00f3mica utilizada. Tiene la mayor relaci\u00f3n resistencia-peso, lo que le permite soportar cargas m\u00e1s altas y luces m\u00e1s largas que cualquier otra cubierta de techo de 1.5&#8243;. Est\u00e1 [&hellip;]","og_url":"https:\/\/marlynsteel.com\/roof-deck\/","og_site_name":"Marlyn Steel Deck","article_modified_time":"2025-04-21T12:48:18+00:00","og_image":[{"width":2560,"height":1919,"url":"https:\/\/marlynsteel.com\/wp-content\/uploads\/2025\/01\/roof-deck1-B-Wide-Rib-Deck--scaled.jpg","type":"image\/jpeg"}],"twitter_card":"summary_large_image","twitter_misc":{"Tiempo de lectura":"1 minuto"},"schema":{"@context":"https:\/\/schema.org","@graph":[{"@type":"WebPage","@id":"https:\/\/marlynsteel.com\/roof-deck\/","url":"https:\/\/marlynsteel.com\/roof-deck\/","name":"Forjado de cubierta - Marlyn Steel Deck","isPartOf":{"@id":"https:\/\/marlynsteel.com\/#website"},"primaryImageOfPage":{"@id":"https:\/\/marlynsteel.com\/roof-deck\/#primaryimage"},"image":{"@id":"https:\/\/marlynsteel.com\/roof-deck\/#primaryimage"},"thumbnailUrl":"https:\/\/marlynsteel.com\/wp-content\/uploads\/2025\/01\/roof-deck1-B-Wide-Rib-Deck--1024x768.jpg","datePublished":"2025-01-16T19:19:06+00:00","dateModified":"2025-04-21T12:48:18+00:00","breadcrumb":{"@id":"https:\/\/marlynsteel.com\/roof-deck\/#breadcrumb"},"inLanguage":"es","potentialAction":[{"@type":"ReadAction","target":["https:\/\/marlynsteel.com\/roof-deck\/"]}]},{"@type":"ImageObject","inLanguage":"es","@id":"https:\/\/marlynsteel.com\/roof-deck\/#primaryimage","url":"https:\/\/marlynsteel.com\/wp-content\/uploads\/2025\/01\/roof-deck1-B-Wide-Rib-Deck--1024x768.jpg","contentUrl":"https:\/\/marlynsteel.com\/wp-content\/uploads\/2025\/01\/roof-deck1-B-Wide-Rib-Deck--1024x768.jpg"},{"@type":"BreadcrumbList","@id":"https:\/\/marlynsteel.com\/roof-deck\/#breadcrumb","itemListElement":[{"@type":"ListItem","position":1,"name":"Home","item":"https:\/\/marlynsteel.com\/es\/"},{"@type":"ListItem","position":2,"name":"Forjado de cubierta"}]},{"@type":"WebSite","@id":"https:\/\/marlynsteel.com\/#website","url":"https:\/\/marlynsteel.com\/","name":"Marlyn Steel Deck","description":"","potentialAction":[{"@type":"SearchAction","target":{"@type":"EntryPoint","urlTemplate":"https:\/\/marlynsteel.com\/?s={search_term_string}"},"query-input":{"@type":"PropertyValueSpecification","valueRequired":true,"valueName":"search_term_string"}}],"inLanguage":"es"}]}},"_links":{"self":[{"href":"https:\/\/marlynsteel.com\/es\/wp-json\/wp\/v2\/pages\/1515","targetHints":{"allow":["GET"]}}],"collection":[{"href":"https:\/\/marlynsteel.com\/es\/wp-json\/wp\/v2\/pages"}],"about":[{"href":"https:\/\/marlynsteel.com\/es\/wp-json\/wp\/v2\/types\/page"}],"author":[{"embeddable":true,"href":"https:\/\/marlynsteel.com\/es\/wp-json\/wp\/v2\/users\/1"}],"replies":[{"embeddable":true,"href":"https:\/\/marlynsteel.com\/es\/wp-json\/wp\/v2\/comments?post=1515"}],"version-history":[{"count":22,"href":"https:\/\/marlynsteel.com\/es\/wp-json\/wp\/v2\/pages\/1515\/revisions"}],"predecessor-version":[{"id":2345,"href":"https:\/\/marlynsteel.com\/es\/wp-json\/wp\/v2\/pages\/1515\/revisions\/2345"}],"wp:attachment":[{"href":"https:\/\/marlynsteel.com\/es\/wp-json\/wp\/v2\/media?parent=1515"}],"curies":[{"name":"wp","href":"https:\/\/api.w.org\/{rel}","templated":true}]}}