{"id":1520,"date":"2025-01-16T15:32:17","date_gmt":"2025-01-16T20:32:17","guid":{"rendered":"https:\/\/marlynsteel.com\/?page_id=1520"},"modified":"2025-04-21T08:50:02","modified_gmt":"2025-04-21T12:50:02","slug":"marcore-losa-cola-de-milano","status":"publish","type":"page","link":"https:\/\/marlynsteel.com\/es\/marcore-losa-cola-de-milano\/","title":{"rendered":"Marcore (Losa Cola de Milano)"},"content":{"rendered":"\t\t<div data-elementor-type=\"wp-page\" data-elementor-id=\"1520\" class=\"elementor elementor-1520 elementor-999\">\n\t\t\t\t\t\t<section class=\"elementor-section elementor-top-section elementor-element elementor-element-64fd39d elementor-section-full_width elementor-section-stretched elementor-section-height-default elementor-section-height-default\" data-id=\"64fd39d\" data-element_type=\"section\" data-e-type=\"section\" data-settings=\"{&quot;stretch_section&quot;:&quot;section-stretched&quot;,&quot;background_background&quot;:&quot;classic&quot;}\">\n\t\t\t\t\t\t<div class=\"elementor-container elementor-column-gap-default\">\n\t\t\t\t\t<div class=\"elementor-column elementor-col-100 elementor-top-column elementor-element elementor-element-6619f98\" data-id=\"6619f98\" data-element_type=\"column\" data-e-type=\"column\">\n\t\t\t<div class=\"elementor-widget-wrap elementor-element-populated\">\n\t\t\t\t\t\t<div class=\"elementor-element elementor-element-826fcd9 elementor-widget elementor-widget-text-editor\" data-id=\"826fcd9\" data-element_type=\"widget\" data-e-type=\"widget\" data-widget_type=\"text-editor.default\">\n\t\t\t\t<div class=\"elementor-widget-container\">\n\t\t\t\t\t\t\t\t\t<p>Marcore es una cubierta en forma de cola de milano de 2\u201d de profundidad que se puede utilizar como cubierta de piso compuesto, cubierta de techo o cubierta ac\u00fastica. El exclusivo sistema de costillas en forma de cola de milano de Marcore act\u00faa estructuralmente como piso o techo y como un techo de listones limpio y est\u00e9ticamente atractivo. Marcore presenta capacidades estructurales y ac\u00fasticas superiores y es la elecci\u00f3n arquitect\u00f3nica para un sistema de techo y piso con cubierta. Para aplicaciones de cubierta de techo, puede abarcar grandes distancias y soportar cargas m\u00e1s pesadas que una cubierta de techo t\u00edpica. Con el dise\u00f1o de la cubierta de cola de milano, es ideal para aplicaciones de piso debido a su capacidad de mantener las losas lo m\u00e1s delgadas posible, pero tambi\u00e9n manteniendo grandes luces. Marcore tiene la capacidad de adherirse al concreto de la misma manera que las cubiertas compuestas. Marcore est\u00e1 disponible en calibres 18, 20 y 22 y puede venir con o sin nervio de refuerzo.<\/p>\t\t\t\t\t\t\t\t<\/div>\n\t\t\t\t<\/div>\n\t\t\t\t\t<\/div>\n\t\t<\/div>\n\t\t\t\t\t<\/div>\n\t\t<\/section>\n\t\t\t\t<section class=\"elementor-section elementor-top-section elementor-element elementor-element-e91483a elementor-section-stretched elementor-section-boxed elementor-section-height-default elementor-section-height-default\" data-id=\"e91483a\" data-element_type=\"section\" data-e-type=\"section\" data-settings=\"{&quot;stretch_section&quot;:&quot;section-stretched&quot;,&quot;background_background&quot;:&quot;classic&quot;}\">\n\t\t\t\t\t\t<div class=\"elementor-container elementor-column-gap-default\">\n\t\t\t\t\t<div class=\"elementor-column elementor-col-33 elementor-top-column elementor-element elementor-element-c9e20d8\" data-id=\"c9e20d8\" data-element_type=\"column\" data-e-type=\"column\">\n\t\t\t<div class=\"elementor-widget-wrap elementor-element-populated\">\n\t\t\t\t\t\t<div class=\"elementor-element elementor-element-63377ec elementor-widget elementor-widget-heading\" data-id=\"63377ec\" data-element_type=\"widget\" data-e-type=\"widget\" data-widget_type=\"heading.default\">\n\t\t\t\t<div class=\"elementor-widget-container\">\n\t\t\t\t\t<h2 class=\"elementor-heading-title elementor-size-default\">Marcore-S<\/h2>\t\t\t\t<\/div>\n\t\t\t\t<\/div>\n\t\t\t\t<div class=\"elementor-element elementor-element-5b0512f elementor-widget elementor-widget-image\" data-id=\"5b0512f\" data-element_type=\"widget\" data-e-type=\"widget\" data-widget_type=\"image.default\">\n\t\t\t\t<div class=\"elementor-widget-container\">\n\t\t\t\t\t\t\t\t\t\t\t\t\t\t\t<img fetchpriority=\"high\" decoding=\"async\" width=\"525\" height=\"394\" src=\"https:\/\/marlynsteel.com\/wp-content\/uploads\/2025\/01\/marcore1-Marcore-S-1024x768.jpg\" class=\"attachment-large size-large wp-image-1206\" alt=\"Marcore dovetail deck - S\" srcset=\"https:\/\/marlynsteel.com\/wp-content\/uploads\/2025\/01\/marcore1-Marcore-S-1024x768.jpg 1024w, https:\/\/marlynsteel.com\/wp-content\/uploads\/2025\/01\/marcore1-Marcore-S-300x225.jpg 300w, https:\/\/marlynsteel.com\/wp-content\/uploads\/2025\/01\/marcore1-Marcore-S-768x576.jpg 768w, https:\/\/marlynsteel.com\/wp-content\/uploads\/2025\/01\/marcore1-Marcore-S-1536x1152.jpg 1536w, https:\/\/marlynsteel.com\/wp-content\/uploads\/2025\/01\/marcore1-Marcore-S-2048x1536.jpg 2048w, https:\/\/marlynsteel.com\/wp-content\/uploads\/2025\/01\/marcore1-Marcore-S-600x450.jpg 600w\" sizes=\"(max-width: 525px) 100vw, 525px\" \/>\t\t\t\t\t\t\t\t\t\t\t\t\t\t\t<\/div>\n\t\t\t\t<\/div>\n\t\t\t\t<div class=\"elementor-element elementor-element-0c459e4 elementor-align-center elementor-widget elementor-widget-button\" data-id=\"0c459e4\" data-element_type=\"widget\" data-e-type=\"widget\" data-widget_type=\"button.default\">\n\t\t\t\t<div class=\"elementor-widget-container\">\n\t\t\t\t\t\t\t\t\t<div class=\"elementor-button-wrapper\">\n\t\t\t\t\t<a class=\"elementor-button elementor-button-link elementor-size-sm\" href=\"\/wp-content\/uploads\/2025\/04\/MARCORE-S-NW.pdf\" target=\"_blank\">\n\t\t\t\t\t\t<span class=\"elementor-button-content-wrapper\">\n\t\t\t\t\t\t\t\t\t<span class=\"elementor-button-text\">Datos t\u00e9cnicos del concreto de peso norma<\/span>\n\t\t\t\t\t<\/span>\n\t\t\t\t\t<\/a>\n\t\t\t\t<\/div>\n\t\t\t\t\t\t\t\t<\/div>\n\t\t\t\t<\/div>\n\t\t\t\t<div class=\"elementor-element elementor-element-4d8de0a elementor-align-center elementor-widget elementor-widget-button\" data-id=\"4d8de0a\" data-element_type=\"widget\" data-e-type=\"widget\" data-widget_type=\"button.default\">\n\t\t\t\t<div class=\"elementor-widget-container\">\n\t\t\t\t\t\t\t\t\t<div class=\"elementor-button-wrapper\">\n\t\t\t\t\t<a class=\"elementor-button elementor-button-link elementor-size-sm\" href=\"\/wp-content\/uploads\/2025\/04\/MARCORE-S-LW.pdf\" target=\"_blank\">\n\t\t\t\t\t\t<span class=\"elementor-button-content-wrapper\">\n\t\t\t\t\t\t\t\t\t<span class=\"elementor-button-text\">Datos t\u00e9cnicos del concreto ligero<\/span>\n\t\t\t\t\t<\/span>\n\t\t\t\t\t<\/a>\n\t\t\t\t<\/div>\n\t\t\t\t\t\t\t\t<\/div>\n\t\t\t\t<\/div>\n\t\t\t\t\t<\/div>\n\t\t<\/div>\n\t\t\t\t<div class=\"elementor-column elementor-col-33 elementor-top-column elementor-element elementor-element-5ebaed9\" data-id=\"5ebaed9\" data-element_type=\"column\" data-e-type=\"column\">\n\t\t\t<div class=\"elementor-widget-wrap elementor-element-populated\">\n\t\t\t\t\t\t<div class=\"elementor-element elementor-element-1516ae8 elementor-widget elementor-widget-heading\" data-id=\"1516ae8\" data-element_type=\"widget\" data-e-type=\"widget\" data-widget_type=\"heading.default\">\n\t\t\t\t<div class=\"elementor-widget-container\">\n\t\t\t\t\t<h2 class=\"elementor-heading-title elementor-size-default\">Marcore-SR\u200b<\/h2>\t\t\t\t<\/div>\n\t\t\t\t<\/div>\n\t\t\t\t<div class=\"elementor-element elementor-element-84f07b4 elementor-widget elementor-widget-image\" data-id=\"84f07b4\" data-element_type=\"widget\" data-e-type=\"widget\" data-widget_type=\"image.default\">\n\t\t\t\t<div class=\"elementor-widget-container\">\n\t\t\t\t\t\t\t\t\t\t\t\t\t\t\t<img decoding=\"async\" width=\"525\" height=\"394\" src=\"https:\/\/marlynsteel.com\/wp-content\/uploads\/2025\/01\/marcore2-Marcore-SR-1024x768.jpg\" class=\"attachment-large size-large wp-image-1207\" alt=\"Marcore dovetail deck - SR\" srcset=\"https:\/\/marlynsteel.com\/wp-content\/uploads\/2025\/01\/marcore2-Marcore-SR-1024x768.jpg 1024w, https:\/\/marlynsteel.com\/wp-content\/uploads\/2025\/01\/marcore2-Marcore-SR-300x225.jpg 300w, https:\/\/marlynsteel.com\/wp-content\/uploads\/2025\/01\/marcore2-Marcore-SR-768x576.jpg 768w, https:\/\/marlynsteel.com\/wp-content\/uploads\/2025\/01\/marcore2-Marcore-SR-1536x1152.jpg 1536w, https:\/\/marlynsteel.com\/wp-content\/uploads\/2025\/01\/marcore2-Marcore-SR-2048x1536.jpg 2048w, https:\/\/marlynsteel.com\/wp-content\/uploads\/2025\/01\/marcore2-Marcore-SR-600x450.jpg 600w\" sizes=\"(max-width: 525px) 100vw, 525px\" \/>\t\t\t\t\t\t\t\t\t\t\t\t\t\t\t<\/div>\n\t\t\t\t<\/div>\n\t\t\t\t<div class=\"elementor-element elementor-element-de58711 elementor-align-center elementor-widget elementor-widget-button\" data-id=\"de58711\" data-element_type=\"widget\" data-e-type=\"widget\" data-widget_type=\"button.default\">\n\t\t\t\t<div class=\"elementor-widget-container\">\n\t\t\t\t\t\t\t\t\t<div class=\"elementor-button-wrapper\">\n\t\t\t\t\t<a class=\"elementor-button elementor-button-link elementor-size-sm\" href=\"\/wp-content\/uploads\/2025\/04\/MARCORE-SR-NW.pdf\" target=\"_blank\">\n\t\t\t\t\t\t<span class=\"elementor-button-content-wrapper\">\n\t\t\t\t\t\t\t\t\t<span class=\"elementor-button-text\">Datos t\u00e9cnicos del concreto de peso norma<\/span>\n\t\t\t\t\t<\/span>\n\t\t\t\t\t<\/a>\n\t\t\t\t<\/div>\n\t\t\t\t\t\t\t\t<\/div>\n\t\t\t\t<\/div>\n\t\t\t\t<div class=\"elementor-element elementor-element-dfb83df elementor-align-center elementor-widget elementor-widget-button\" data-id=\"dfb83df\" data-element_type=\"widget\" data-e-type=\"widget\" data-widget_type=\"button.default\">\n\t\t\t\t<div class=\"elementor-widget-container\">\n\t\t\t\t\t\t\t\t\t<div class=\"elementor-button-wrapper\">\n\t\t\t\t\t<a class=\"elementor-button elementor-button-link elementor-size-sm\" href=\"\/wp-content\/uploads\/2025\/04\/MARCORE-SR-LW.pdf\" target=\"_blank\">\n\t\t\t\t\t\t<span class=\"elementor-button-content-wrapper\">\n\t\t\t\t\t\t\t\t\t<span class=\"elementor-button-text\">Datos t\u00e9cnicos del concreto ligero<\/span>\n\t\t\t\t\t<\/span>\n\t\t\t\t\t<\/a>\n\t\t\t\t<\/div>\n\t\t\t\t\t\t\t\t<\/div>\n\t\t\t\t<\/div>\n\t\t\t\t\t<\/div>\n\t\t<\/div>\n\t\t\t\t<div class=\"elementor-column elementor-col-33 elementor-top-column elementor-element elementor-element-b408dfb\" data-id=\"b408dfb\" data-element_type=\"column\" data-e-type=\"column\">\n\t\t\t<div class=\"elementor-widget-wrap elementor-element-populated\">\n\t\t\t\t\t\t<div class=\"elementor-element elementor-element-4d08d54 elementor-widget elementor-widget-heading\" data-id=\"4d08d54\" data-element_type=\"widget\" data-e-type=\"widget\" data-widget_type=\"heading.default\">\n\t\t\t\t<div class=\"elementor-widget-container\">\n\t\t\t\t\t<h2 class=\"elementor-heading-title elementor-size-default\">Marcore-R and RA<\/h2>\t\t\t\t<\/div>\n\t\t\t\t<\/div>\n\t\t\t\t<div class=\"elementor-element elementor-element-b22a616 elementor-widget elementor-widget-image\" data-id=\"b22a616\" data-element_type=\"widget\" data-e-type=\"widget\" data-widget_type=\"image.default\">\n\t\t\t\t<div class=\"elementor-widget-container\">\n\t\t\t\t\t\t\t\t\t\t\t\t\t\t\t<img decoding=\"async\" width=\"525\" height=\"394\" src=\"https:\/\/marlynsteel.com\/wp-content\/uploads\/2025\/01\/marcore3-Marcore-R-and-RA-1024x768.jpg\" class=\"attachment-large size-large wp-image-1208\" alt=\"Marcore dovetail deck - R and RA\" srcset=\"https:\/\/marlynsteel.com\/wp-content\/uploads\/2025\/01\/marcore3-Marcore-R-and-RA-1024x768.jpg 1024w, https:\/\/marlynsteel.com\/wp-content\/uploads\/2025\/01\/marcore3-Marcore-R-and-RA-300x225.jpg 300w, https:\/\/marlynsteel.com\/wp-content\/uploads\/2025\/01\/marcore3-Marcore-R-and-RA-768x576.jpg 768w, https:\/\/marlynsteel.com\/wp-content\/uploads\/2025\/01\/marcore3-Marcore-R-and-RA-1536x1152.jpg 1536w, https:\/\/marlynsteel.com\/wp-content\/uploads\/2025\/01\/marcore3-Marcore-R-and-RA-2048x1536.jpg 2048w, https:\/\/marlynsteel.com\/wp-content\/uploads\/2025\/01\/marcore3-Marcore-R-and-RA-600x450.jpg 600w\" sizes=\"(max-width: 525px) 100vw, 525px\" \/>\t\t\t\t\t\t\t\t\t\t\t\t\t\t\t<\/div>\n\t\t\t\t<\/div>\n\t\t\t\t<div class=\"elementor-element elementor-element-50c036a elementor-align-center elementor-widget elementor-widget-button\" data-id=\"50c036a\" data-element_type=\"widget\" data-e-type=\"widget\" data-widget_type=\"button.default\">\n\t\t\t\t<div class=\"elementor-widget-container\">\n\t\t\t\t\t\t\t\t\t<div class=\"elementor-button-wrapper\">\n\t\t\t\t\t<a class=\"elementor-button elementor-button-link elementor-size-sm\" href=\"\/wp-content\/uploads\/2025\/01\/4995_Marcore-R-and-RA.pdf\" target=\"_blank\">\n\t\t\t\t\t\t<span class=\"elementor-button-content-wrapper\">\n\t\t\t\t\t\t\t\t\t<span class=\"elementor-button-text\">Datos t\u00e9cnicos<\/span>\n\t\t\t\t\t<\/span>\n\t\t\t\t\t<\/a>\n\t\t\t\t<\/div>\n\t\t\t\t\t\t\t\t<\/div>\n\t\t\t\t<\/div>\n\t\t\t\t\t<\/div>\n\t\t<\/div>\n\t\t\t\t\t<\/div>\n\t\t<\/section>\n\t\t<div class=\"elementor-element elementor-element-5e5d319 e-flex e-con-boxed e-con e-parent\" data-id=\"5e5d319\" data-element_type=\"container\" data-e-type=\"container\">\n\t\t\t\t\t<div class=\"e-con-inner\">\n\t\t\t\t<div class=\"elementor-element elementor-element-c3b897a elementor-widget elementor-widget-heading\" data-id=\"c3b897a\" data-element_type=\"widget\" data-e-type=\"widget\" data-widget_type=\"heading.default\">\n\t\t\t\t<div class=\"elementor-widget-container\">\n\t\t\t\t\t<h2 class=\"elementor-heading-title elementor-size-default\">Especificaciones de Marcore<\/h2>\t\t\t\t<\/div>\n\t\t\t\t<\/div>\n\t\t\t\t\t<\/div>\n\t\t\t\t<\/div>\n\t\t\t\t<section class=\"elementor-section elementor-top-section elementor-element elementor-element-9c44e36 elementor-section-stretched elementor-section-boxed elementor-section-height-default elementor-section-height-default\" data-id=\"9c44e36\" data-element_type=\"section\" data-e-type=\"section\" data-settings=\"{&quot;stretch_section&quot;:&quot;section-stretched&quot;,&quot;background_background&quot;:&quot;classic&quot;}\">\n\t\t\t\t\t\t<div class=\"elementor-container elementor-column-gap-default\">\n\t\t\t\t\t<div class=\"elementor-column elementor-col-50 elementor-top-column elementor-element elementor-element-1f853a6\" data-id=\"1f853a6\" data-element_type=\"column\" data-e-type=\"column\">\n\t\t\t<div class=\"elementor-widget-wrap elementor-element-populated\">\n\t\t\t\t\t\t<div class=\"elementor-element elementor-element-b1eb916 elementor-align-center elementor-widget elementor-widget-button\" data-id=\"b1eb916\" data-element_type=\"widget\" data-e-type=\"widget\" data-widget_type=\"button.default\">\n\t\t\t\t<div class=\"elementor-widget-container\">\n\t\t\t\t\t\t\t\t\t<div class=\"elementor-button-wrapper\">\n\t\t\t\t\t<a class=\"elementor-button elementor-button-link elementor-size-sm\" href=\"\/wp-content\/uploads\/2025\/01\/5111_S-and-SR-Spec.pdf\" target=\"_blank\">\n\t\t\t\t\t\t<span class=\"elementor-button-content-wrapper\">\n\t\t\t\t\t\t\t\t\t<span class=\"elementor-button-text\">Especificaciones de Marcore PDF 1<\/span>\n\t\t\t\t\t<\/span>\n\t\t\t\t\t<\/a>\n\t\t\t\t<\/div>\n\t\t\t\t\t\t\t\t<\/div>\n\t\t\t\t<\/div>\n\t\t\t\t\t<\/div>\n\t\t<\/div>\n\t\t\t\t<div class=\"elementor-column elementor-col-50 elementor-top-column elementor-element elementor-element-cf8bb6e\" data-id=\"cf8bb6e\" data-element_type=\"column\" data-e-type=\"column\">\n\t\t\t<div class=\"elementor-widget-wrap elementor-element-populated\">\n\t\t\t\t\t\t<div class=\"elementor-element elementor-element-cd9bf86 elementor-align-center elementor-widget elementor-widget-button\" data-id=\"cd9bf86\" data-element_type=\"widget\" data-e-type=\"widget\" data-widget_type=\"button.default\">\n\t\t\t\t<div class=\"elementor-widget-container\">\n\t\t\t\t\t\t\t\t\t<div class=\"elementor-button-wrapper\">\n\t\t\t\t\t<a class=\"elementor-button elementor-button-link elementor-size-sm\" href=\"\/wp-content\/uploads\/2025\/01\/5112_R-and-RA-Spec.pdf\" target=\"_blank\">\n\t\t\t\t\t\t<span class=\"elementor-button-content-wrapper\">\n\t\t\t\t\t\t\t\t\t<span class=\"elementor-button-text\">Especificaciones de Marcore PDF 2<\/span>\n\t\t\t\t\t<\/span>\n\t\t\t\t\t<\/a>\n\t\t\t\t<\/div>\n\t\t\t\t\t\t\t\t<\/div>\n\t\t\t\t<\/div>\n\t\t\t\t\t<\/div>\n\t\t<\/div>\n\t\t\t\t\t<\/div>\n\t\t<\/section>\n\t\t\t\t<\/div>\n\t\t","protected":false},"excerpt":{"rendered":"<p>Marcore es una cubierta en forma de cola de milano de 2\u201d de profundidad que se puede utilizar como cubierta de piso compuesto, cubierta de techo o cubierta ac\u00fastica. El exclusivo sistema de costillas en forma de cola de milano de Marcore act\u00faa estructuralmente como piso o techo y como un techo de listones limpio [&hellip;]<\/p>\n","protected":false},"author":1,"featured_media":0,"parent":0,"menu_order":0,"comment_status":"closed","ping_status":"closed","template":"","meta":{"footnotes":"","_links_to":"","_links_to_target":""},"class_list":["post-1520","page","type-page","status-publish","hentry"],"yoast_head":"<!-- This site is optimized with the Yoast SEO plugin v27.3 - https:\/\/yoast.com\/product\/yoast-seo-wordpress\/ -->\n<title>Marcore (Losa Cola de Milano) - Marlyn Steel Deck<\/title>\n<meta name=\"robots\" content=\"index, follow, max-snippet:-1, max-image-preview:large, max-video-preview:-1\" \/>\n<link rel=\"canonical\" href=\"https:\/\/marlynsteel.com\/marcore-dovetail-deck\/\" \/>\n<meta property=\"og:locale\" content=\"es_ES\" \/>\n<meta property=\"og:type\" content=\"article\" \/>\n<meta property=\"og:title\" content=\"Marcore (Losa Cola de Milano) - Marlyn Steel Deck\" \/>\n<meta property=\"og:description\" content=\"Marcore es una cubierta en forma de cola de milano de 2\u201d de profundidad que se puede utilizar como cubierta de piso compuesto, cubierta de techo o cubierta ac\u00fastica. El exclusivo sistema de costillas en forma de cola de milano de Marcore act\u00faa estructuralmente como piso o techo y como un techo de listones limpio [&hellip;]\" \/>\n<meta property=\"og:url\" content=\"https:\/\/marlynsteel.com\/marcore-dovetail-deck\/\" \/>\n<meta property=\"og:site_name\" content=\"Marlyn Steel Deck\" \/>\n<meta property=\"article:modified_time\" content=\"2025-04-21T12:50:02+00:00\" \/>\n<meta property=\"og:image\" content=\"https:\/\/marlynsteel.com\/wp-content\/uploads\/2025\/01\/marcore1-Marcore-S-scaled.jpg\" \/>\n\t<meta property=\"og:image:width\" content=\"2560\" \/>\n\t<meta property=\"og:image:height\" content=\"1920\" \/>\n\t<meta property=\"og:image:type\" content=\"image\/jpeg\" \/>\n<meta name=\"twitter:card\" content=\"summary_large_image\" \/>\n<meta name=\"twitter:label1\" content=\"Tiempo de lectura\" \/>\n\t<meta name=\"twitter:data1\" content=\"1 minuto\" \/>\n<script type=\"application\/ld+json\" class=\"yoast-schema-graph\">{\"@context\":\"https:\\\/\\\/schema.org\",\"@graph\":[{\"@type\":\"WebPage\",\"@id\":\"https:\\\/\\\/marlynsteel.com\\\/marcore-dovetail-deck\\\/\",\"url\":\"https:\\\/\\\/marlynsteel.com\\\/marcore-dovetail-deck\\\/\",\"name\":\"Marcore (Losa Cola de Milano) - Marlyn Steel Deck\",\"isPartOf\":{\"@id\":\"https:\\\/\\\/marlynsteel.com\\\/#website\"},\"primaryImageOfPage\":{\"@id\":\"https:\\\/\\\/marlynsteel.com\\\/marcore-dovetail-deck\\\/#primaryimage\"},\"image\":{\"@id\":\"https:\\\/\\\/marlynsteel.com\\\/marcore-dovetail-deck\\\/#primaryimage\"},\"thumbnailUrl\":\"https:\\\/\\\/marlynsteel.com\\\/wp-content\\\/uploads\\\/2025\\\/01\\\/marcore1-Marcore-S-1024x768.jpg\",\"datePublished\":\"2025-01-16T20:32:17+00:00\",\"dateModified\":\"2025-04-21T12:50:02+00:00\",\"breadcrumb\":{\"@id\":\"https:\\\/\\\/marlynsteel.com\\\/marcore-dovetail-deck\\\/#breadcrumb\"},\"inLanguage\":\"es\",\"potentialAction\":[{\"@type\":\"ReadAction\",\"target\":[\"https:\\\/\\\/marlynsteel.com\\\/marcore-dovetail-deck\\\/\"]}]},{\"@type\":\"ImageObject\",\"inLanguage\":\"es\",\"@id\":\"https:\\\/\\\/marlynsteel.com\\\/marcore-dovetail-deck\\\/#primaryimage\",\"url\":\"https:\\\/\\\/marlynsteel.com\\\/wp-content\\\/uploads\\\/2025\\\/01\\\/marcore1-Marcore-S-1024x768.jpg\",\"contentUrl\":\"https:\\\/\\\/marlynsteel.com\\\/wp-content\\\/uploads\\\/2025\\\/01\\\/marcore1-Marcore-S-1024x768.jpg\"},{\"@type\":\"BreadcrumbList\",\"@id\":\"https:\\\/\\\/marlynsteel.com\\\/marcore-dovetail-deck\\\/#breadcrumb\",\"itemListElement\":[{\"@type\":\"ListItem\",\"position\":1,\"name\":\"Home\",\"item\":\"https:\\\/\\\/marlynsteel.com\\\/es\\\/\"},{\"@type\":\"ListItem\",\"position\":2,\"name\":\"Marcore (Losa Cola de Milano)\"}]},{\"@type\":\"WebSite\",\"@id\":\"https:\\\/\\\/marlynsteel.com\\\/#website\",\"url\":\"https:\\\/\\\/marlynsteel.com\\\/\",\"name\":\"Marlyn Steel Deck\",\"description\":\"\",\"potentialAction\":[{\"@type\":\"SearchAction\",\"target\":{\"@type\":\"EntryPoint\",\"urlTemplate\":\"https:\\\/\\\/marlynsteel.com\\\/?s={search_term_string}\"},\"query-input\":{\"@type\":\"PropertyValueSpecification\",\"valueRequired\":true,\"valueName\":\"search_term_string\"}}],\"inLanguage\":\"es\"}]}<\/script>\n<!-- \/ Yoast SEO plugin. -->","yoast_head_json":{"title":"Marcore (Losa Cola de Milano) - Marlyn Steel Deck","robots":{"index":"index","follow":"follow","max-snippet":"max-snippet:-1","max-image-preview":"max-image-preview:large","max-video-preview":"max-video-preview:-1"},"canonical":"https:\/\/marlynsteel.com\/marcore-dovetail-deck\/","og_locale":"es_ES","og_type":"article","og_title":"Marcore (Losa Cola de Milano) - Marlyn Steel Deck","og_description":"Marcore es una cubierta en forma de cola de milano de 2\u201d de profundidad que se puede utilizar como cubierta de piso compuesto, cubierta de techo o cubierta ac\u00fastica. El exclusivo sistema de costillas en forma de cola de milano de Marcore act\u00faa estructuralmente como piso o techo y como un techo de listones limpio [&hellip;]","og_url":"https:\/\/marlynsteel.com\/marcore-dovetail-deck\/","og_site_name":"Marlyn Steel Deck","article_modified_time":"2025-04-21T12:50:02+00:00","og_image":[{"width":2560,"height":1920,"url":"https:\/\/marlynsteel.com\/wp-content\/uploads\/2025\/01\/marcore1-Marcore-S-scaled.jpg","type":"image\/jpeg"}],"twitter_card":"summary_large_image","twitter_misc":{"Tiempo de lectura":"1 minuto"},"schema":{"@context":"https:\/\/schema.org","@graph":[{"@type":"WebPage","@id":"https:\/\/marlynsteel.com\/marcore-dovetail-deck\/","url":"https:\/\/marlynsteel.com\/marcore-dovetail-deck\/","name":"Marcore (Losa Cola de Milano) - Marlyn Steel Deck","isPartOf":{"@id":"https:\/\/marlynsteel.com\/#website"},"primaryImageOfPage":{"@id":"https:\/\/marlynsteel.com\/marcore-dovetail-deck\/#primaryimage"},"image":{"@id":"https:\/\/marlynsteel.com\/marcore-dovetail-deck\/#primaryimage"},"thumbnailUrl":"https:\/\/marlynsteel.com\/wp-content\/uploads\/2025\/01\/marcore1-Marcore-S-1024x768.jpg","datePublished":"2025-01-16T20:32:17+00:00","dateModified":"2025-04-21T12:50:02+00:00","breadcrumb":{"@id":"https:\/\/marlynsteel.com\/marcore-dovetail-deck\/#breadcrumb"},"inLanguage":"es","potentialAction":[{"@type":"ReadAction","target":["https:\/\/marlynsteel.com\/marcore-dovetail-deck\/"]}]},{"@type":"ImageObject","inLanguage":"es","@id":"https:\/\/marlynsteel.com\/marcore-dovetail-deck\/#primaryimage","url":"https:\/\/marlynsteel.com\/wp-content\/uploads\/2025\/01\/marcore1-Marcore-S-1024x768.jpg","contentUrl":"https:\/\/marlynsteel.com\/wp-content\/uploads\/2025\/01\/marcore1-Marcore-S-1024x768.jpg"},{"@type":"BreadcrumbList","@id":"https:\/\/marlynsteel.com\/marcore-dovetail-deck\/#breadcrumb","itemListElement":[{"@type":"ListItem","position":1,"name":"Home","item":"https:\/\/marlynsteel.com\/es\/"},{"@type":"ListItem","position":2,"name":"Marcore (Losa Cola de Milano)"}]},{"@type":"WebSite","@id":"https:\/\/marlynsteel.com\/#website","url":"https:\/\/marlynsteel.com\/","name":"Marlyn Steel Deck","description":"","potentialAction":[{"@type":"SearchAction","target":{"@type":"EntryPoint","urlTemplate":"https:\/\/marlynsteel.com\/?s={search_term_string}"},"query-input":{"@type":"PropertyValueSpecification","valueRequired":true,"valueName":"search_term_string"}}],"inLanguage":"es"}]}},"_links":{"self":[{"href":"https:\/\/marlynsteel.com\/es\/wp-json\/wp\/v2\/pages\/1520","targetHints":{"allow":["GET"]}}],"collection":[{"href":"https:\/\/marlynsteel.com\/es\/wp-json\/wp\/v2\/pages"}],"about":[{"href":"https:\/\/marlynsteel.com\/es\/wp-json\/wp\/v2\/types\/page"}],"author":[{"embeddable":true,"href":"https:\/\/marlynsteel.com\/es\/wp-json\/wp\/v2\/users\/1"}],"replies":[{"embeddable":true,"href":"https:\/\/marlynsteel.com\/es\/wp-json\/wp\/v2\/comments?post=1520"}],"version-history":[{"count":38,"href":"https:\/\/marlynsteel.com\/es\/wp-json\/wp\/v2\/pages\/1520\/revisions"}],"predecessor-version":[{"id":2348,"href":"https:\/\/marlynsteel.com\/es\/wp-json\/wp\/v2\/pages\/1520\/revisions\/2348"}],"wp:attachment":[{"href":"https:\/\/marlynsteel.com\/es\/wp-json\/wp\/v2\/media?parent=1520"}],"curies":[{"name":"wp","href":"https:\/\/api.w.org\/{rel}","templated":true}]}}