{"id":1536,"date":"2025-01-17T07:06:15","date_gmt":"2025-01-17T12:06:15","guid":{"rendered":"https:\/\/marlynsteel.com\/?page_id=1536"},"modified":"2025-01-31T12:09:29","modified_gmt":"2025-01-31T17:09:29","slug":"contactenos","status":"publish","type":"page","link":"https:\/\/marlynsteel.com\/es\/contactenos\/","title":{"rendered":"Cont\u00e1ctenos"},"content":{"rendered":"\t\t<div data-elementor-type=\"wp-page\" data-elementor-id=\"1536\" class=\"elementor elementor-1536 elementor-1009\">\n\t\t\t\t\t\t<section class=\"elementor-section elementor-top-section elementor-element elementor-element-9e11248 elementor-section-full_width elementor-section-height-default elementor-section-height-default\" data-id=\"9e11248\" data-element_type=\"section\" data-e-type=\"section\">\n\t\t\t\t\t\t<div class=\"elementor-container elementor-column-gap-default\">\n\t\t\t\t\t<div class=\"elementor-column elementor-col-100 elementor-top-column elementor-element elementor-element-8c5fb98\" data-id=\"8c5fb98\" data-element_type=\"column\" data-e-type=\"column\">\n\t\t\t<div class=\"elementor-widget-wrap elementor-element-populated\">\n\t\t\t\t\t\t<div class=\"elementor-element elementor-element-6f88ccf elementor-widget elementor-widget-manzil_contact_us_v1\" data-id=\"6f88ccf\" data-element_type=\"widget\" data-e-type=\"widget\" data-widget_type=\"manzil_contact_us_v1.default\">\n\t\t\t\t<div class=\"elementor-widget-container\">\n\t\t\t\t\t        \n        <!-- Contact Page Section -->\n        <section class=\"contact-page-section\">\n            <div class=\"auto-container\">\n                <div class=\"row clearfix\">\n                    \n                    <!-- Form Column -->\n                    <div class=\"form-column col-lg-6 col-md-12 col-sm-12\">\n                        <div class=\"inner-column\">\n                            <!-- Title Box -->\n                            <div class=\"title-box\">\n                                <h3>Ponerse en contacto<\/h3>\n                                <div class=\"text\">Si tiene alguna pregunta sobre nuestras instalaciones o productos, comun\u00edquese con nuestra oficina.<\/div>\n                            <\/div>\n                            \n                            <!-- Default Form -->\n                            <div class=\"default-form contact-form\">\n                                \n<div class=\"wpcf7 no-js\" id=\"wpcf7-f1668-o1\" lang=\"es-ES\" dir=\"ltr\" data-wpcf7-id=\"1668\">\n<div class=\"screen-reader-response\"><p role=\"status\" aria-live=\"polite\" aria-atomic=\"true\"><\/p> <ul><\/ul><\/div>\n<form action=\"\/es\/wp-json\/wp\/v2\/pages\/1536#wpcf7-f1668-o1\" method=\"post\" class=\"wpcf7-form init\" aria-label=\"Formulario de contacto\" novalidate=\"novalidate\" data-status=\"init\">\n<fieldset class=\"hidden-fields-container\"><input type=\"hidden\" name=\"_wpcf7\" value=\"1668\" \/><input type=\"hidden\" name=\"_wpcf7_version\" value=\"6.1.5\" \/><input type=\"hidden\" name=\"_wpcf7_locale\" value=\"es_ES\" \/><input type=\"hidden\" name=\"_wpcf7_unit_tag\" value=\"wpcf7-f1668-o1\" \/><input type=\"hidden\" name=\"_wpcf7_container_post\" value=\"0\" \/><input type=\"hidden\" name=\"_wpcf7_posted_data_hash\" value=\"\" \/><input type=\"hidden\" name=\"_wpcf7cf_hidden_group_fields\" value=\"[]\" \/><input type=\"hidden\" name=\"_wpcf7cf_hidden_groups\" value=\"[]\" \/><input type=\"hidden\" name=\"_wpcf7cf_visible_groups\" value=\"[]\" \/><input type=\"hidden\" name=\"_wpcf7cf_repeaters\" value=\"[]\" \/><input type=\"hidden\" name=\"_wpcf7cf_steps\" value=\"{}\" \/><input type=\"hidden\" name=\"_wpcf7cf_options\" value=\"{&quot;form_id&quot;:1668,&quot;conditions&quot;:[],&quot;settings&quot;:{&quot;animation&quot;:&quot;yes&quot;,&quot;animation_intime&quot;:200,&quot;animation_outtime&quot;:200,&quot;conditions_ui&quot;:&quot;normal&quot;,&quot;notice_dismissed&quot;:false,&quot;notice_dismissed_rollback-cf7-6.1.2&quot;:true,&quot;notice_dismissed_rollback-cf7-6.1.4&quot;:true}}\" \/><input type=\"hidden\" name=\"_wpcf7_recaptcha_response\" value=\"\" \/>\n<\/fieldset>\n<div class=\"form-group\">\n\t<p><span class=\"wpcf7-form-control-wrap\" data-name=\"text-197\"><input size=\"40\" maxlength=\"400\" class=\"wpcf7-form-control wpcf7-text wpcf7-validates-as-required\" aria-required=\"true\" aria-invalid=\"false\" placeholder=\"Nombre (Requerido)\" value=\"\" type=\"text\" name=\"text-197\" \/><\/span>\n\t<\/p>\n<\/div>\n<div class=\"form-group\">\n\t<p><span class=\"wpcf7-form-control-wrap\" data-name=\"text-195\"><input size=\"40\" maxlength=\"400\" class=\"wpcf7-form-control wpcf7-text wpcf7-validates-as-required\" aria-required=\"true\" aria-invalid=\"false\" placeholder=\"Direcci\u00f3n (Requerido)\" value=\"\" type=\"text\" name=\"text-195\" \/><\/span>\n\t<\/p>\n<\/div>\n<div class=\"form-group\">\n\t<p><span class=\"wpcf7-form-control-wrap\" data-name=\"text-193\"><input size=\"40\" maxlength=\"400\" class=\"wpcf7-form-control wpcf7-text wpcf7-validates-as-required\" aria-required=\"true\" aria-invalid=\"false\" placeholder=\"Ciudad (Requerido)\" value=\"\" type=\"text\" name=\"text-193\" \/><\/span>\n\t<\/p>\n<\/div>\n<div class=\"form-group\">\n\t<p><span class=\"wpcf7-form-control-wrap\" data-name=\"text-191\"><input size=\"40\" maxlength=\"400\" class=\"wpcf7-form-control wpcf7-text wpcf7-validates-as-required\" aria-required=\"true\" aria-invalid=\"false\" placeholder=\"Estado (Requerido)\" value=\"\" type=\"text\" name=\"text-191\" \/><\/span>\n\t<\/p>\n<\/div>\n<div class=\"form-group\">\n\t<p><span class=\"wpcf7-form-control-wrap\" data-name=\"text-190\"><input size=\"40\" maxlength=\"400\" class=\"wpcf7-form-control wpcf7-text wpcf7-validates-as-required\" aria-required=\"true\" aria-invalid=\"false\" placeholder=\"C\u00f3digo postal (Requerido)\" value=\"\" type=\"text\" name=\"text-190\" \/><\/span>\n\t<\/p>\n<\/div>\n<div class=\"form-group\">\n\t<p><span class=\"wpcf7-form-control-wrap\" data-name=\"text-188\"><input size=\"40\" maxlength=\"400\" class=\"wpcf7-form-control wpcf7-text wpcf7-validates-as-required\" aria-required=\"true\" aria-invalid=\"false\" placeholder=\"N\u00famero de Tel\u00e9fono (Requerido)\" value=\"\" type=\"text\" name=\"text-188\" \/><\/span>\n\t<\/p>\n<\/div>\n<div class=\"form-group\">\n\t<p><span class=\"wpcf7-form-control-wrap\" data-name=\"text-189\"><input size=\"40\" maxlength=\"400\" class=\"wpcf7-form-control wpcf7-text\" aria-invalid=\"false\" placeholder=\"Fax\" value=\"\" type=\"text\" name=\"text-189\" \/><\/span>\n\t<\/p>\n<\/div>\n<div class=\"form-group\">\n\t<p><span class=\"wpcf7-form-control-wrap\" data-name=\"email-143\"><input size=\"40\" maxlength=\"400\" class=\"wpcf7-form-control wpcf7-email wpcf7-validates-as-required wpcf7-text wpcf7-validates-as-email\" aria-required=\"true\" aria-invalid=\"false\" placeholder=\"Correo electr\u00f3nico (Requerido)\" value=\"\" type=\"email\" name=\"email-143\" \/><\/span>\n\t<\/p>\n<\/div>\n<p><strong>Otra informaci\u00f3n:<\/strong><br \/>\n<span class=\"wpcf7-form-control-wrap\" data-name=\"checkbox-416\"><span class=\"wpcf7-form-control wpcf7-checkbox\"><span class=\"wpcf7-list-item first\"><label><input type=\"checkbox\" name=\"checkbox-416[]\" value=\"Le agradecer\u00eda que me env\u00ede su cat\u00e1logo.\" \/><span class=\"wpcf7-list-item-label\">Le agradecer\u00eda que me env\u00ede su cat\u00e1logo.<\/span><\/label><\/span><span class=\"wpcf7-list-item\"><label><input type=\"checkbox\" name=\"checkbox-416[]\" value=\"P\u00f3ngase en contacto conmigo un representante de ventas.\" \/><span class=\"wpcf7-list-item-label\">P\u00f3ngase en contacto conmigo un representante de ventas.<\/span><\/label><\/span><span class=\"wpcf7-list-item last\"><label><input type=\"checkbox\" name=\"checkbox-416[]\" value=\"Env\u00edeme informaci\u00f3n sobre precios.\" \/><span class=\"wpcf7-list-item-label\">Env\u00edeme informaci\u00f3n sobre precios.<\/span><\/label><\/span><\/span><\/span>\n<\/p>\n<div class=\"form-group text-center\">\n\t<p><button type=\"submit\" class=\"theme-btn btn-style-four\"><span class=\"txt\">Someter<\/span><\/button>\n\t<\/p>\n<\/div><input type=\"hidden\" id=\"ct_checkjs_cf7_c058f544c737782deacefa532d9add4c\" name=\"ct_checkjs_cf7\" value=\"0\" \/><script >setTimeout(function(){var ct_input_name = \"ct_checkjs_cf7_c058f544c737782deacefa532d9add4c\";if (document.getElementById(ct_input_name) !== null) {var ct_input_value = document.getElementById(ct_input_name).value;document.getElementById(ct_input_name).value = document.getElementById(ct_input_name).value.replace(ct_input_value, 'dcf0d3ea3838a23dc40b98aeed7c5fecc75a795abf4eec97d4fb82c46ae1dfd4');}}, 1000);<\/script><input\n                    class=\"apbct_special_field apbct_email_id__wp_contact_form_7\"\n                    name=\"apbct__email_id__wp_contact_form_7\"\n                    aria-label=\"Formulario de contacto\"\n                    type=\"text\" size=\"30\" maxlength=\"200\" autocomplete=\"off\"\n                    value=\"\"\n                \/><div class=\"wpcf7-response-output\" aria-hidden=\"true\"><\/div>\n<input\n                    class=\"apbct_special_field apbct_email_id__elementor_form\"\n                    name=\"apbct__email_id__elementor_form\"\n                    aria-label=\"Formulario de contacto\"\n                    type=\"text\" size=\"30\" maxlength=\"200\" autocomplete=\"off\"\n                    value=\"\"\n                \/><\/form>\n<\/div>\n                            <\/div>\n                            <!--End Default Form-->\n                            \n                        <\/div>\n                    <\/div>\n                    \n                    <!-- Info Column -->\n                    <div class=\"info-column col-lg-6 col-md-12 col-sm-12\">\n                        <div class=\"inner-column\">\n                            <!-- Title Box -->\n                            <div class=\"title-box\">\n                                <h3>Informaci\u00f3n de Contacto<\/h3>\n                                <div class=\"text\"><br><\/div>\n                            <\/div>\n                            \n                            <ul class=\"contact-info\">\n                                                                <li>\n                                    <span class=\"icon icon flaticon-telephone\"><\/span> \n                                    <strong>N\u00famero de Tel\u00e9fono:<\/strong>\n                                    <a href=\"tel:+1-813-621-1375\">813-621-1375<\/a>                                <\/li>\n                                                                <li>\n                                    <span class=\"icon \"><\/span> \n                                    <strong>Fax:<\/strong>\n                                    <a href=\"tel:+1-813-623-3005\">813-623-3005<\/a>                                <\/li>\n                                                                <li>\n                                    <span class=\"icon icon flaticon-email-4\"><\/span> \n                                    <strong>Correo electr\u00f3nico:<\/strong>\n                                    <a href=\"mailto:in**@*********el.com\" data-original-string=\"DHHofYcAbpyztXvmSvtlYQ==51eJDs9G70oxRjFWI3nAsE\/1ldfNjRLLR05v9IsOyiHg2Q=\" title=\"Este contacto ha sido codificado por Anti-Spam by CleanTalk. Haz clic para decodificar. Para finalizar la decodificaci\u00f3n, aseg\u00farate de que JavaScript est\u00e1 activado en tu navegador.\"> <span \n                data-original-string='2TOdNeNelD8u1zG4\/qPEjg==51eA6\/W7GHXdlxrbgOpc1VRHlIicCsoRO\/4ER2gXF1UVjQ='\n                class='apbct-email-encoder'\n                title='Este contacto ha sido codificado por Anti-Spam by CleanTalk. Haz clic para decodificar. Para finalizar la decodificaci\u00f3n, aseg\u00farate de que JavaScript est\u00e1 activado en tu navegador.'>in<span class=\"apbct-blur\">**<\/span>@<span class=\"apbct-blur\">*********<\/span>el.com<\/span> <\/a>                                <\/li>\n                                                                <li>\n                                    <span class=\"icon icon flaticon-maps-and-flags\"><\/span> \n                                    <strong>Direcci\u00f3n:<\/strong>\n                                    6808 Harney Road <br>Tampa, Florida 33610                                <\/li>\n                                                            <\/ul>\n                            \n                        <\/div>\n                    <\/div>\n                    \n                <\/div>\n            <\/div>\n        <\/section>\n        <!-- End Contact Page Section -->\n         \n\t\t\t\t\t\t<\/div>\n\t\t\t\t<\/div>\n\t\t\t\t\t<\/div>\n\t\t<\/div>\n\t\t\t\t\t<\/div>\n\t\t<\/section>\n\t\t\t\t<section class=\"elementor-section elementor-top-section elementor-element elementor-element-8f3cf8 elementor-section-stretched elementor-section-boxed elementor-section-height-default elementor-section-height-default\" data-id=\"8f3cf8\" data-element_type=\"section\" data-e-type=\"section\" data-settings=\"{&quot;stretch_section&quot;:&quot;section-stretched&quot;,&quot;background_background&quot;:&quot;classic&quot;}\">\n\t\t\t\t\t\t<div class=\"elementor-container elementor-column-gap-default\">\n\t\t\t\t\t<div class=\"elementor-column elementor-col-50 elementor-top-column elementor-element elementor-element-10af85d3\" data-id=\"10af85d3\" data-element_type=\"column\" data-e-type=\"column\">\n\t\t\t<div class=\"elementor-widget-wrap elementor-element-populated\">\n\t\t\t\t\t\t<div class=\"elementor-element elementor-element-5f6449a0 elementor-widget elementor-widget-heading\" data-id=\"5f6449a0\" data-element_type=\"widget\" data-e-type=\"widget\" data-widget_type=\"heading.default\">\n\t\t\t\t<div class=\"elementor-widget-container\">\n\t\t\t\t\t<h2 class=\"elementor-heading-title elementor-size-default\">Buscando Oportunidades de Empleo<\/h2>\t\t\t\t<\/div>\n\t\t\t\t<\/div>\n\t\t\t\t\t<\/div>\n\t\t<\/div>\n\t\t\t\t<div class=\"elementor-column elementor-col-50 elementor-top-column elementor-element elementor-element-621729b\" data-id=\"621729b\" data-element_type=\"column\" data-e-type=\"column\">\n\t\t\t<div class=\"elementor-widget-wrap elementor-element-populated\">\n\t\t\t\t\t\t<div class=\"elementor-element elementor-element-6e5e0d6 elementor-align-left elementor-mobile-align-center elementor-widget elementor-widget-button\" data-id=\"6e5e0d6\" data-element_type=\"widget\" data-e-type=\"widget\" data-widget_type=\"button.default\">\n\t\t\t\t<div class=\"elementor-widget-container\">\n\t\t\t\t\t\t\t\t\t<div class=\"elementor-button-wrapper\">\n\t\t\t\t\t<a class=\"elementor-button elementor-button-link elementor-size-sm\" href=\"\/es\/empleo\/\">\n\t\t\t\t\t\t<span class=\"elementor-button-content-wrapper\">\n\t\t\t\t\t\t\t\t\t<span class=\"elementor-button-text\">Haga clic aqu\u00ed<\/span>\n\t\t\t\t\t<\/span>\n\t\t\t\t\t<\/a>\n\t\t\t\t<\/div>\n\t\t\t\t\t\t\t\t<\/div>\n\t\t\t\t<\/div>\n\t\t\t\t\t<\/div>\n\t\t<\/div>\n\t\t\t\t\t<\/div>\n\t\t<\/section>\n\t\t\t\t<section class=\"elementor-section elementor-top-section elementor-element elementor-element-e0ce6d2 elementor-section-full_width elementor-section-stretched elementor-section-height-default elementor-section-height-default\" data-id=\"e0ce6d2\" data-element_type=\"section\" data-e-type=\"section\" data-settings=\"{&quot;stretch_section&quot;:&quot;section-stretched&quot;}\">\n\t\t\t\t\t\t<div class=\"elementor-container elementor-column-gap-default\">\n\t\t\t\t\t<div class=\"elementor-column elementor-col-100 elementor-top-column elementor-element elementor-element-589386d\" data-id=\"589386d\" data-element_type=\"column\" data-e-type=\"column\">\n\t\t\t<div class=\"elementor-widget-wrap elementor-element-populated\">\n\t\t\t\t\t\t<div class=\"elementor-element elementor-element-ec540ce elementor-widget elementor-widget-manzil_google_map\" data-id=\"ec540ce\" data-element_type=\"widget\" data-e-type=\"widget\" data-widget_type=\"manzil_google_map.default\">\n\t\t\t\t<div class=\"elementor-widget-container\">\n\t\t\t\t\t        \n        <!-- Contact Map Section -->\n        <section class=\"map-section\">\n            \n            <!-- Social Outer -->\n            <div class=\"map-outer\">\n                <div class=\"map-canvas\">\n                    <iframe src=\"https:\/\/www.google.com\/maps\/embed?pb=!1m14!1m8!1m3!1d56359.67975392384!2d-82.37813700000001!3d28.009802!3m2!1i1024!2i768!4f13.1!3m3!1m2!1s0x88c2c8a4ce00b379%3A0x25de893efb140720!2s6808%20Harney%20Rd%2C%20Tampa%2C%20FL%2033610!5e0!3m2!1sen!2sus!4v1737751401060!5m2!1sen!2sus\" width=\"600\" height=\"450\" style=\"border:0;\" allowfullscreen=\"\" loading=\"lazy\" referrerpolicy=\"no-referrer-when-downgrade\"><\/iframe>                <\/div>\n                \n            <\/div>\n            \n        <\/section>\n        <!-- Contact Map Section -->\n        \n\t\t\t\t\t\t<\/div>\n\t\t\t\t<\/div>\n\t\t\t\t\t<\/div>\n\t\t<\/div>\n\t\t\t\t\t<\/div>\n\t\t<\/section>\n\t\t\t\t<\/div>\n\t\t","protected":false},"excerpt":{"rendered":"<p>Ponerse en contacto Si tiene alguna pregunta sobre nuestras instalaciones o productos, comun\u00edquese con nuestra oficina. Other Information: Please send me your catalog.Please have a sales representative contact me.Please provide me with pricing information. &nbsp; Submit Informaci\u00f3n de Contacto N\u00famero de Tel\u00e9fono: 813-621-1375 Fax: 813-623-3005 Correo electr\u00f3nico: in**@*********el.com Direcci\u00f3n: 6808 Harney Road Tampa, Florida 33610 [&hellip;]<\/p>\n","protected":false},"author":1,"featured_media":0,"parent":0,"menu_order":0,"comment_status":"closed","ping_status":"closed","template":"","meta":{"footnotes":"","_links_to":"","_links_to_target":""},"class_list":["post-1536","page","type-page","status-publish","hentry"],"yoast_head":"<!-- This site is optimized with the Yoast SEO plugin v27.3 - https:\/\/yoast.com\/product\/yoast-seo-wordpress\/ -->\n<title>Cont\u00e1ctenos - Marlyn Steel Deck<\/title>\n<meta name=\"robots\" content=\"index, follow, max-snippet:-1, max-image-preview:large, max-video-preview:-1\" \/>\n<link rel=\"canonical\" href=\"https:\/\/marlynsteel.com\/contact-us\/\" \/>\n<meta property=\"og:locale\" content=\"es_ES\" \/>\n<meta property=\"og:type\" content=\"article\" \/>\n<meta property=\"og:title\" content=\"Cont\u00e1ctenos - Marlyn Steel Deck\" \/>\n<meta property=\"og:description\" content=\"Ponerse en contacto Si tiene alguna pregunta sobre nuestras instalaciones o productos, comun\u00edquese con nuestra oficina. Other Information: Please send me your catalog.Please have a sales representative contact me.Please provide me with pricing information. &nbsp; Submit Informaci\u00f3n de Contacto N\u00famero de Tel\u00e9fono: 813-621-1375 Fax: 813-623-3005 Correo electr\u00f3nico: in**@*********el.com Direcci\u00f3n: 6808 Harney Road Tampa, Florida 33610 [&hellip;]\" \/>\n<meta property=\"og:url\" content=\"https:\/\/marlynsteel.com\/contact-us\/\" \/>\n<meta property=\"og:site_name\" content=\"Marlyn Steel Deck\" \/>\n<meta property=\"article:modified_time\" content=\"2025-01-31T17:09:29+00:00\" \/>\n<meta name=\"twitter:card\" content=\"summary_large_image\" \/>\n<script type=\"application\/ld+json\" class=\"yoast-schema-graph\">{\"@context\":\"https:\\\/\\\/schema.org\",\"@graph\":[{\"@type\":\"WebPage\",\"@id\":\"https:\\\/\\\/marlynsteel.com\\\/contact-us\\\/\",\"url\":\"https:\\\/\\\/marlynsteel.com\\\/contact-us\\\/\",\"name\":\"Cont\u00e1ctenos - Marlyn Steel Deck\",\"isPartOf\":{\"@id\":\"https:\\\/\\\/marlynsteel.com\\\/#website\"},\"datePublished\":\"2025-01-17T12:06:15+00:00\",\"dateModified\":\"2025-01-31T17:09:29+00:00\",\"breadcrumb\":{\"@id\":\"https:\\\/\\\/marlynsteel.com\\\/contact-us\\\/#breadcrumb\"},\"inLanguage\":\"es\",\"potentialAction\":[{\"@type\":\"ReadAction\",\"target\":[\"https:\\\/\\\/marlynsteel.com\\\/contact-us\\\/\"]}]},{\"@type\":\"BreadcrumbList\",\"@id\":\"https:\\\/\\\/marlynsteel.com\\\/contact-us\\\/#breadcrumb\",\"itemListElement\":[{\"@type\":\"ListItem\",\"position\":1,\"name\":\"Home\",\"item\":\"https:\\\/\\\/marlynsteel.com\\\/es\\\/\"},{\"@type\":\"ListItem\",\"position\":2,\"name\":\"Cont\u00e1ctenos\"}]},{\"@type\":\"WebSite\",\"@id\":\"https:\\\/\\\/marlynsteel.com\\\/#website\",\"url\":\"https:\\\/\\\/marlynsteel.com\\\/\",\"name\":\"Marlyn Steel Deck\",\"description\":\"\",\"potentialAction\":[{\"@type\":\"SearchAction\",\"target\":{\"@type\":\"EntryPoint\",\"urlTemplate\":\"https:\\\/\\\/marlynsteel.com\\\/?s={search_term_string}\"},\"query-input\":{\"@type\":\"PropertyValueSpecification\",\"valueRequired\":true,\"valueName\":\"search_term_string\"}}],\"inLanguage\":\"es\"}]}<\/script>\n<!-- \/ Yoast SEO plugin. -->","yoast_head_json":{"title":"Cont\u00e1ctenos - Marlyn Steel Deck","robots":{"index":"index","follow":"follow","max-snippet":"max-snippet:-1","max-image-preview":"max-image-preview:large","max-video-preview":"max-video-preview:-1"},"canonical":"https:\/\/marlynsteel.com\/contact-us\/","og_locale":"es_ES","og_type":"article","og_title":"Cont\u00e1ctenos - Marlyn Steel Deck","og_description":"Ponerse en contacto Si tiene alguna pregunta sobre nuestras instalaciones o productos, comun\u00edquese con nuestra oficina. Other Information: Please send me your catalog.Please have a sales representative contact me.Please provide me with pricing information. &nbsp; Submit Informaci\u00f3n de Contacto N\u00famero de Tel\u00e9fono: 813-621-1375 Fax: 813-623-3005 Correo electr\u00f3nico: in**@*********el.com Direcci\u00f3n: 6808 Harney Road Tampa, Florida 33610 [&hellip;]","og_url":"https:\/\/marlynsteel.com\/contact-us\/","og_site_name":"Marlyn Steel Deck","article_modified_time":"2025-01-31T17:09:29+00:00","twitter_card":"summary_large_image","schema":{"@context":"https:\/\/schema.org","@graph":[{"@type":"WebPage","@id":"https:\/\/marlynsteel.com\/contact-us\/","url":"https:\/\/marlynsteel.com\/contact-us\/","name":"Cont\u00e1ctenos - Marlyn Steel Deck","isPartOf":{"@id":"https:\/\/marlynsteel.com\/#website"},"datePublished":"2025-01-17T12:06:15+00:00","dateModified":"2025-01-31T17:09:29+00:00","breadcrumb":{"@id":"https:\/\/marlynsteel.com\/contact-us\/#breadcrumb"},"inLanguage":"es","potentialAction":[{"@type":"ReadAction","target":["https:\/\/marlynsteel.com\/contact-us\/"]}]},{"@type":"BreadcrumbList","@id":"https:\/\/marlynsteel.com\/contact-us\/#breadcrumb","itemListElement":[{"@type":"ListItem","position":1,"name":"Home","item":"https:\/\/marlynsteel.com\/es\/"},{"@type":"ListItem","position":2,"name":"Cont\u00e1ctenos"}]},{"@type":"WebSite","@id":"https:\/\/marlynsteel.com\/#website","url":"https:\/\/marlynsteel.com\/","name":"Marlyn Steel Deck","description":"","potentialAction":[{"@type":"SearchAction","target":{"@type":"EntryPoint","urlTemplate":"https:\/\/marlynsteel.com\/?s={search_term_string}"},"query-input":{"@type":"PropertyValueSpecification","valueRequired":true,"valueName":"search_term_string"}}],"inLanguage":"es"}]}},"_links":{"self":[{"href":"https:\/\/marlynsteel.com\/es\/wp-json\/wp\/v2\/pages\/1536","targetHints":{"allow":["GET"]}}],"collection":[{"href":"https:\/\/marlynsteel.com\/es\/wp-json\/wp\/v2\/pages"}],"about":[{"href":"https:\/\/marlynsteel.com\/es\/wp-json\/wp\/v2\/types\/page"}],"author":[{"embeddable":true,"href":"https:\/\/marlynsteel.com\/es\/wp-json\/wp\/v2\/users\/1"}],"replies":[{"embeddable":true,"href":"https:\/\/marlynsteel.com\/es\/wp-json\/wp\/v2\/comments?post=1536"}],"version-history":[{"count":17,"href":"https:\/\/marlynsteel.com\/es\/wp-json\/wp\/v2\/pages\/1536\/revisions"}],"predecessor-version":[{"id":1984,"href":"https:\/\/marlynsteel.com\/es\/wp-json\/wp\/v2\/pages\/1536\/revisions\/1984"}],"wp:attachment":[{"href":"https:\/\/marlynsteel.com\/es\/wp-json\/wp\/v2\/media?parent=1536"}],"curies":[{"name":"wp","href":"https:\/\/api.w.org\/{rel}","templated":true}]}}