{"id":1836,"date":"2025-01-27T06:27:50","date_gmt":"2025-01-27T11:27:50","guid":{"rendered":"https:\/\/marlynsteel.com\/?page_id=1836"},"modified":"2025-03-06T16:31:51","modified_gmt":"2025-03-06T21:31:51","slug":"empleo","status":"publish","type":"page","link":"https:\/\/marlynsteel.com\/es\/empleo\/","title":{"rendered":"Empleo"},"content":{"rendered":"\t\t<div data-elementor-type=\"wp-page\" data-elementor-id=\"1836\" class=\"elementor elementor-1836 elementor-1751\">\n\t\t\t\t\t\t<section class=\"elementor-section elementor-top-section elementor-element elementor-element-af133c9 elementor-section-full_width elementor-section-height-default elementor-section-height-default\" data-id=\"af133c9\" data-element_type=\"section\" data-e-type=\"section\">\n\t\t\t\t\t\t<div class=\"elementor-container elementor-column-gap-default\">\n\t\t\t\t\t<div class=\"elementor-column elementor-col-100 elementor-top-column elementor-element elementor-element-b6ac5e4\" data-id=\"b6ac5e4\" data-element_type=\"column\" data-e-type=\"column\">\n\t\t\t<div class=\"elementor-widget-wrap elementor-element-populated\">\n\t\t\t\t\t\t<div class=\"elementor-element elementor-element-4b97215 elementor-widget elementor-widget-heading\" data-id=\"4b97215\" data-element_type=\"widget\" data-e-type=\"widget\" data-widget_type=\"heading.default\">\n\t\t\t\t<div class=\"elementor-widget-container\">\n\t\t\t\t\t<h2 class=\"elementor-heading-title elementor-size-default\"><div class=\"title-box\">\n<h3 style=\"font-weight: 600;font-size: 32px\">\u00danete a nuestro equipo en Marlyn Steel Decks, Inc.<\/h3><\/div><\/h2>\t\t\t\t<\/div>\n\t\t\t\t<\/div>\n\t\t\t\t<div class=\"elementor-element elementor-element-a362ca0 elementor-widget elementor-widget-text-editor\" data-id=\"a362ca0\" data-element_type=\"widget\" data-e-type=\"widget\" data-widget_type=\"text-editor.default\">\n\t\t\t\t<div class=\"elementor-widget-container\">\n\t\t\t\t\t\t\t\t\t<p>Aqu\u00ed en Marlyn Steel Decks, Inc., nos esforzamos por construir un ambiente de trabajo donde todos colaboren como un equipo para generar un impacto positivo entre nosotros y en nuestra industria.<\/p><p>Ofrecemos salarios competitivos, d\u00edas festivos pagados, vacaciones pagadas, seguro m\u00e9dico, bonificaciones y mucho m\u00e1s.<\/p>\t\t\t\t\t\t\t\t<\/div>\n\t\t\t\t<\/div>\n\t\t\t\t<div class=\"elementor-element elementor-element-0a14a9d elementor-widget-divider--view-line elementor-widget elementor-widget-divider\" data-id=\"0a14a9d\" data-element_type=\"widget\" data-e-type=\"widget\" data-widget_type=\"divider.default\">\n\t\t\t\t<div class=\"elementor-widget-container\">\n\t\t\t\t\t\t\t<div class=\"elementor-divider\">\n\t\t\t<span class=\"elementor-divider-separator\">\n\t\t\t\t\t\t<\/span>\n\t\t<\/div>\n\t\t\t\t\t\t<\/div>\n\t\t\t\t<\/div>\n\t\t\t\t\t<\/div>\n\t\t<\/div>\n\t\t\t\t\t<\/div>\n\t\t<\/section>\n\t\t\t\t<section class=\"elementor-section elementor-top-section elementor-element elementor-element-eaf16db elementor-section-full_width elementor-section-height-default elementor-section-height-default\" data-id=\"eaf16db\" data-element_type=\"section\" data-e-type=\"section\">\n\t\t\t\t\t\t<div class=\"elementor-container elementor-column-gap-default\">\n\t\t\t\t\t<div class=\"elementor-column elementor-col-50 elementor-top-column elementor-element elementor-element-31a1230\" data-id=\"31a1230\" data-element_type=\"column\" data-e-type=\"column\">\n\t\t\t<div class=\"elementor-widget-wrap elementor-element-populated\">\n\t\t\t\t\t\t<div class=\"elementor-element elementor-element-6c8864a elementor-widget elementor-widget-text-editor\" data-id=\"6c8864a\" data-element_type=\"widget\" data-e-type=\"widget\" data-widget_type=\"text-editor.default\">\n\t\t\t\t<div class=\"elementor-widget-container\">\n\t\t\t\t\t\t\t\t\t<p><strong style=\"color: #000;\">Puestos de ventas<\/strong><br \/>Se requiere experiencia en la industria de cubiertas met\u00e1licas, fabricaci\u00f3n de acero o construcci\u00f3n met\u00e1lica.<\/p><p><strong style=\"color: #000;\">Representante de Ventas Internas<\/strong><br \/>Debe tener experiencia en ventas y en la industria de la construcci\u00f3n, poseer algunas habilidades inform\u00e1ticas y tener buenas habilidades de comunicaci\u00f3n. El trabajo consiste en cotizar techos met\u00e1licos, molduras, accesorios, cubiertas de techo, cubiertas de piso y cubiertas de piso compuestas a partir de consultas telef\u00f3nicas, fax, internet y dibujos, seguimiento de cotizaciones, servicio al cliente, entrada de pedidos y trabajo con ventas externas.<\/p><p><strong style=\"color: #000;\">Operadores de M\u00e1quinas de Perfilado<\/strong><br \/>Experiencia operando equipos de perfilado.<\/p><p><strong style=\"color: #000;\">Operadores de M\u00e1quinas Plegadoras<\/strong><br \/>Experiencia operando m\u00e1quinas plegadoras o prensas plegadoras.<\/p>\t\t\t\t\t\t\t\t<\/div>\n\t\t\t\t<\/div>\n\t\t\t\t\t<\/div>\n\t\t<\/div>\n\t\t\t\t<div class=\"elementor-column elementor-col-50 elementor-top-column elementor-element elementor-element-9724f31\" data-id=\"9724f31\" data-element_type=\"column\" data-e-type=\"column\">\n\t\t\t<div class=\"elementor-widget-wrap elementor-element-populated\">\n\t\t\t\t\t\t<div class=\"elementor-element elementor-element-a11a32a elementor-widget elementor-widget-image\" data-id=\"a11a32a\" data-element_type=\"widget\" data-e-type=\"widget\" data-widget_type=\"image.default\">\n\t\t\t\t<div class=\"elementor-widget-container\">\n\t\t\t\t\t\t\t\t\t\t\t\t\t\t\t<img fetchpriority=\"high\" decoding=\"async\" width=\"525\" height=\"518\" src=\"https:\/\/marlynsteel.com\/wp-content\/uploads\/2025\/01\/employment-image-1-1024x1010.jpg\" class=\"attachment-large size-large wp-image-1789\" alt=\"\" srcset=\"https:\/\/marlynsteel.com\/wp-content\/uploads\/2025\/01\/employment-image-1-1024x1010.jpg 1024w, https:\/\/marlynsteel.com\/wp-content\/uploads\/2025\/01\/employment-image-1-300x296.jpg 300w, https:\/\/marlynsteel.com\/wp-content\/uploads\/2025\/01\/employment-image-1-768x757.jpg 768w, https:\/\/marlynsteel.com\/wp-content\/uploads\/2025\/01\/employment-image-1-1536x1515.jpg 1536w, https:\/\/marlynsteel.com\/wp-content\/uploads\/2025\/01\/employment-image-1-2048x2020.jpg 2048w, https:\/\/marlynsteel.com\/wp-content\/uploads\/2025\/01\/employment-image-1-100x100.jpg 100w\" sizes=\"(max-width: 525px) 100vw, 525px\" \/>\t\t\t\t\t\t\t\t\t\t\t\t\t\t\t<\/div>\n\t\t\t\t<\/div>\n\t\t\t\t\t<\/div>\n\t\t<\/div>\n\t\t\t\t\t<\/div>\n\t\t<\/section>\n\t\t\t\t<section class=\"elementor-section elementor-top-section elementor-element elementor-element-1d18a6d elementor-section-full_width elementor-section-height-default elementor-section-height-default\" data-id=\"1d18a6d\" data-element_type=\"section\" data-e-type=\"section\">\n\t\t\t\t\t\t<div class=\"elementor-container elementor-column-gap-default\">\n\t\t\t\t\t<div class=\"elementor-column elementor-col-100 elementor-top-column elementor-element elementor-element-d51f072\" data-id=\"d51f072\" data-element_type=\"column\" data-e-type=\"column\">\n\t\t\t<div class=\"elementor-widget-wrap elementor-element-populated\">\n\t\t\t\t\t\t<div class=\"elementor-element elementor-element-fbf617d elementor-widget elementor-widget-manzil_contact_us_v2\" data-id=\"fbf617d\" data-element_type=\"widget\" data-e-type=\"widget\" data-widget_type=\"manzil_contact_us_v2.default\">\n\t\t\t\t<div class=\"elementor-widget-container\">\n\t\t\t\t\t        \n        <!-- Contact Page Section -->\n        <section class=\"contact-page-section-two\">\n            <div class=\"auto-container\">\n                <div class=\"inner-container\">\n                    <!-- Sec Title Two -->\n                    <div class=\"sec-title centered\">\n                        <h2>\u00danete a nosotros<\/h2>\n                    <\/div>\n                    \n                    <!-- Default Form -->\n                    <div class=\"default-form contact-form\">\n                    \t\n<div class=\"wpcf7 no-js\" id=\"wpcf7-f1841-o1\" lang=\"es-ES\" dir=\"ltr\" data-wpcf7-id=\"1841\">\n<div class=\"screen-reader-response\"><p role=\"status\" aria-live=\"polite\" aria-atomic=\"true\"><\/p> <ul><\/ul><\/div>\n<form action=\"\/es\/wp-json\/wp\/v2\/pages\/1836#wpcf7-f1841-o1\" method=\"post\" class=\"wpcf7-form init\" aria-label=\"Formulario de contacto\" enctype=\"multipart\/form-data\" novalidate=\"novalidate\" data-status=\"init\">\n<fieldset class=\"hidden-fields-container\"><input type=\"hidden\" name=\"_wpcf7\" value=\"1841\" \/><input type=\"hidden\" name=\"_wpcf7_version\" value=\"6.1.5\" \/><input type=\"hidden\" name=\"_wpcf7_locale\" value=\"es_ES\" \/><input type=\"hidden\" name=\"_wpcf7_unit_tag\" value=\"wpcf7-f1841-o1\" \/><input type=\"hidden\" name=\"_wpcf7_container_post\" value=\"0\" \/><input type=\"hidden\" name=\"_wpcf7_posted_data_hash\" value=\"\" \/><input type=\"hidden\" name=\"_wpcf7cf_hidden_group_fields\" value=\"[]\" \/><input type=\"hidden\" name=\"_wpcf7cf_hidden_groups\" value=\"[]\" \/><input type=\"hidden\" name=\"_wpcf7cf_visible_groups\" value=\"[]\" \/><input type=\"hidden\" name=\"_wpcf7cf_repeaters\" value=\"[]\" \/><input type=\"hidden\" name=\"_wpcf7cf_steps\" value=\"{}\" \/><input type=\"hidden\" name=\"_wpcf7cf_options\" value=\"{&quot;form_id&quot;:1841,&quot;conditions&quot;:[],&quot;settings&quot;:{&quot;animation&quot;:&quot;yes&quot;,&quot;animation_intime&quot;:200,&quot;animation_outtime&quot;:200,&quot;conditions_ui&quot;:&quot;normal&quot;,&quot;notice_dismissed&quot;:false,&quot;notice_dismissed_rollback-cf7-6.1.2&quot;:true,&quot;notice_dismissed_rollback-cf7-6.1.4&quot;:true}}\" \/><input type=\"hidden\" name=\"_wpcf7_recaptcha_response\" value=\"\" \/>\n<\/fieldset>\n<p><span class=\"wpcf7-form-control-wrap\" data-name=\"your-name\"><input size=\"40\" maxlength=\"400\" class=\"wpcf7-form-control wpcf7-text wpcf7-validates-as-required\" aria-required=\"true\" aria-invalid=\"false\" placeholder=\"Nombre (Requerido)\" value=\"\" type=\"text\" name=\"your-name\" \/><\/span><br \/>\n<span class=\"wpcf7-form-control-wrap\" data-name=\"your-phone\"><input size=\"40\" maxlength=\"400\" class=\"wpcf7-form-control wpcf7-text wpcf7-validates-as-required\" aria-required=\"true\" aria-invalid=\"false\" placeholder=\"N\u00famero de Tel\u00e9fono (Requerido)\" value=\"\" type=\"text\" name=\"your-phone\" \/><\/span><br \/>\n<span class=\"wpcf7-form-control-wrap\" data-name=\"your-email\"><input size=\"40\" maxlength=\"400\" class=\"wpcf7-form-control wpcf7-email wpcf7-validates-as-required wpcf7-text wpcf7-validates-as-email\" aria-required=\"true\" aria-invalid=\"false\" placeholder=\"Correo electr\u00f3nico (Requerido)\" value=\"\" type=\"email\" name=\"your-email\" \/><\/span><br \/>\n<span class=\"wpcf7-form-control-wrap\" data-name=\"skills\"><textarea cols=\"40\" rows=\"10\" maxlength=\"2000\" class=\"wpcf7-form-control wpcf7-textarea\" aria-invalid=\"false\" placeholder=\"Enumere cualquier habilidad relevante\" name=\"skills\"><\/textarea><\/span><br \/>\n<label> Suba su Curr\u00edculum Vitae (CV) aqu\u00ed: <span class=\"wpcf7-form-control-wrap\" data-name=\"resume\"><input size=\"40\" class=\"wpcf7-form-control wpcf7-file\" accept=\"audio\/*,video\/*,image\/*,.txt,application\/pdf,.docx\" aria-invalid=\"false\" type=\"file\" name=\"resume\" \/><\/span> <\/label>\n<\/p>\n<div class=\"form-group text-center\">\n\t<p><button type=\"submit\" class=\"theme-btn btn-style-four\"><span class=\"txt\">Enviar solicitud<\/span><\/button>\n\t<\/p>\n<\/div><input type=\"hidden\" id=\"ct_checkjs_cf7_c5ab0bc60ac7929182aadd08703f1ec6\" name=\"ct_checkjs_cf7\" value=\"0\" \/><script >setTimeout(function(){var ct_input_name = \"ct_checkjs_cf7_c5ab0bc60ac7929182aadd08703f1ec6\";if (document.getElementById(ct_input_name) !== null) {var ct_input_value = document.getElementById(ct_input_name).value;document.getElementById(ct_input_name).value = document.getElementById(ct_input_name).value.replace(ct_input_value, 'dcf0d3ea3838a23dc40b98aeed7c5fecc75a795abf4eec97d4fb82c46ae1dfd4');}}, 1000);<\/script><input\n                    class=\"apbct_special_field apbct_email_id__wp_contact_form_7\"\n                    name=\"apbct__email_id__wp_contact_form_7\"\n                    aria-label=\"Formulario de contacto\"\n                    type=\"text\" size=\"30\" maxlength=\"200\" autocomplete=\"off\"\n                    value=\"\"\n                \/><div class=\"wpcf7-response-output\" aria-hidden=\"true\"><\/div>\n<input\n                    class=\"apbct_special_field apbct_email_id__elementor_form\"\n                    name=\"apbct__email_id__elementor_form\"\n                    aria-label=\"Formulario de contacto\"\n                    type=\"text\" size=\"30\" maxlength=\"200\" autocomplete=\"off\"\n                    value=\"\"\n                \/><\/form>\n<\/div>\n                    <\/div>\n                    <!--End Default Form-->\n                    \n                <\/div>\n            <\/div>\n        <\/section>\n        <!-- End Contact Page Section -->\n        \n\t\t\t\t\t\t<\/div>\n\t\t\t\t<\/div>\n\t\t\t\t\t<\/div>\n\t\t<\/div>\n\t\t\t\t\t<\/div>\n\t\t<\/section>\n\t\t\t\t<\/div>\n\t\t","protected":false},"excerpt":{"rendered":"<p>\u00danete a nuestro equipo en Marlyn Steel Decks, Inc. Aqu\u00ed en Marlyn Steel Decks, Inc., nos esforzamos por construir un ambiente de trabajo donde todos colaboren como un equipo para generar un impacto positivo entre nosotros y en nuestra industria. Ofrecemos salarios competitivos, d\u00edas festivos pagados, vacaciones pagadas, seguro m\u00e9dico, bonificaciones y mucho m\u00e1s. Puestos [&hellip;]<\/p>\n","protected":false},"author":1,"featured_media":0,"parent":0,"menu_order":0,"comment_status":"closed","ping_status":"closed","template":"","meta":{"footnotes":"","_links_to":"","_links_to_target":""},"class_list":["post-1836","page","type-page","status-publish","hentry"],"yoast_head":"<!-- This site is optimized with the Yoast SEO plugin v27.3 - https:\/\/yoast.com\/product\/yoast-seo-wordpress\/ -->\n<title>Empleo - Marlyn Steel Deck<\/title>\n<meta name=\"robots\" content=\"index, follow, max-snippet:-1, max-image-preview:large, max-video-preview:-1\" \/>\n<link rel=\"canonical\" href=\"https:\/\/marlynsteel.com\/employment\/\" \/>\n<meta property=\"og:locale\" content=\"es_ES\" \/>\n<meta property=\"og:type\" content=\"article\" \/>\n<meta property=\"og:title\" content=\"Empleo - Marlyn Steel Deck\" \/>\n<meta property=\"og:description\" content=\"\u00danete a nuestro equipo en Marlyn Steel Decks, Inc. Aqu\u00ed en Marlyn Steel Decks, Inc., nos esforzamos por construir un ambiente de trabajo donde todos colaboren como un equipo para generar un impacto positivo entre nosotros y en nuestra industria. Ofrecemos salarios competitivos, d\u00edas festivos pagados, vacaciones pagadas, seguro m\u00e9dico, bonificaciones y mucho m\u00e1s. Puestos [&hellip;]\" \/>\n<meta property=\"og:url\" content=\"https:\/\/marlynsteel.com\/employment\/\" \/>\n<meta property=\"og:site_name\" content=\"Marlyn Steel Deck\" \/>\n<meta property=\"article:modified_time\" content=\"2025-03-06T21:31:51+00:00\" \/>\n<meta property=\"og:image\" content=\"https:\/\/marlynsteel.com\/wp-content\/uploads\/2025\/01\/employment-image-1-1024x1010.jpg\" \/>\n\t<meta property=\"og:image:width\" content=\"1024\" \/>\n\t<meta property=\"og:image:height\" content=\"1010\" \/>\n\t<meta property=\"og:image:type\" content=\"image\/jpeg\" \/>\n<meta name=\"twitter:card\" content=\"summary_large_image\" \/>\n<meta name=\"twitter:label1\" content=\"Tiempo de lectura\" \/>\n\t<meta name=\"twitter:data1\" content=\"1 minuto\" \/>\n<script type=\"application\/ld+json\" class=\"yoast-schema-graph\">{\"@context\":\"https:\\\/\\\/schema.org\",\"@graph\":[{\"@type\":\"WebPage\",\"@id\":\"https:\\\/\\\/marlynsteel.com\\\/employment\\\/\",\"url\":\"https:\\\/\\\/marlynsteel.com\\\/employment\\\/\",\"name\":\"Empleo - Marlyn Steel Deck\",\"isPartOf\":{\"@id\":\"https:\\\/\\\/marlynsteel.com\\\/#website\"},\"primaryImageOfPage\":{\"@id\":\"https:\\\/\\\/marlynsteel.com\\\/employment\\\/#primaryimage\"},\"image\":{\"@id\":\"https:\\\/\\\/marlynsteel.com\\\/employment\\\/#primaryimage\"},\"thumbnailUrl\":\"https:\\\/\\\/marlynsteel.com\\\/wp-content\\\/uploads\\\/2025\\\/01\\\/employment-image-1-1024x1010.jpg\",\"datePublished\":\"2025-01-27T11:27:50+00:00\",\"dateModified\":\"2025-03-06T21:31:51+00:00\",\"breadcrumb\":{\"@id\":\"https:\\\/\\\/marlynsteel.com\\\/employment\\\/#breadcrumb\"},\"inLanguage\":\"es\",\"potentialAction\":[{\"@type\":\"ReadAction\",\"target\":[\"https:\\\/\\\/marlynsteel.com\\\/employment\\\/\"]}]},{\"@type\":\"ImageObject\",\"inLanguage\":\"es\",\"@id\":\"https:\\\/\\\/marlynsteel.com\\\/employment\\\/#primaryimage\",\"url\":\"https:\\\/\\\/marlynsteel.com\\\/wp-content\\\/uploads\\\/2025\\\/01\\\/employment-image-1-1024x1010.jpg\",\"contentUrl\":\"https:\\\/\\\/marlynsteel.com\\\/wp-content\\\/uploads\\\/2025\\\/01\\\/employment-image-1-1024x1010.jpg\"},{\"@type\":\"BreadcrumbList\",\"@id\":\"https:\\\/\\\/marlynsteel.com\\\/employment\\\/#breadcrumb\",\"itemListElement\":[{\"@type\":\"ListItem\",\"position\":1,\"name\":\"Home\",\"item\":\"https:\\\/\\\/marlynsteel.com\\\/es\\\/\"},{\"@type\":\"ListItem\",\"position\":2,\"name\":\"Empleo\"}]},{\"@type\":\"WebSite\",\"@id\":\"https:\\\/\\\/marlynsteel.com\\\/#website\",\"url\":\"https:\\\/\\\/marlynsteel.com\\\/\",\"name\":\"Marlyn Steel Deck\",\"description\":\"\",\"potentialAction\":[{\"@type\":\"SearchAction\",\"target\":{\"@type\":\"EntryPoint\",\"urlTemplate\":\"https:\\\/\\\/marlynsteel.com\\\/?s={search_term_string}\"},\"query-input\":{\"@type\":\"PropertyValueSpecification\",\"valueRequired\":true,\"valueName\":\"search_term_string\"}}],\"inLanguage\":\"es\"}]}<\/script>\n<!-- \/ Yoast SEO plugin. -->","yoast_head_json":{"title":"Empleo - Marlyn Steel Deck","robots":{"index":"index","follow":"follow","max-snippet":"max-snippet:-1","max-image-preview":"max-image-preview:large","max-video-preview":"max-video-preview:-1"},"canonical":"https:\/\/marlynsteel.com\/employment\/","og_locale":"es_ES","og_type":"article","og_title":"Empleo - Marlyn Steel Deck","og_description":"\u00danete a nuestro equipo en Marlyn Steel Decks, Inc. Aqu\u00ed en Marlyn Steel Decks, Inc., nos esforzamos por construir un ambiente de trabajo donde todos colaboren como un equipo para generar un impacto positivo entre nosotros y en nuestra industria. Ofrecemos salarios competitivos, d\u00edas festivos pagados, vacaciones pagadas, seguro m\u00e9dico, bonificaciones y mucho m\u00e1s. Puestos [&hellip;]","og_url":"https:\/\/marlynsteel.com\/employment\/","og_site_name":"Marlyn Steel Deck","article_modified_time":"2025-03-06T21:31:51+00:00","og_image":[{"width":1024,"height":1010,"url":"https:\/\/marlynsteel.com\/wp-content\/uploads\/2025\/01\/employment-image-1-1024x1010.jpg","type":"image\/jpeg"}],"twitter_card":"summary_large_image","twitter_misc":{"Tiempo de lectura":"1 minuto"},"schema":{"@context":"https:\/\/schema.org","@graph":[{"@type":"WebPage","@id":"https:\/\/marlynsteel.com\/employment\/","url":"https:\/\/marlynsteel.com\/employment\/","name":"Empleo - Marlyn Steel Deck","isPartOf":{"@id":"https:\/\/marlynsteel.com\/#website"},"primaryImageOfPage":{"@id":"https:\/\/marlynsteel.com\/employment\/#primaryimage"},"image":{"@id":"https:\/\/marlynsteel.com\/employment\/#primaryimage"},"thumbnailUrl":"https:\/\/marlynsteel.com\/wp-content\/uploads\/2025\/01\/employment-image-1-1024x1010.jpg","datePublished":"2025-01-27T11:27:50+00:00","dateModified":"2025-03-06T21:31:51+00:00","breadcrumb":{"@id":"https:\/\/marlynsteel.com\/employment\/#breadcrumb"},"inLanguage":"es","potentialAction":[{"@type":"ReadAction","target":["https:\/\/marlynsteel.com\/employment\/"]}]},{"@type":"ImageObject","inLanguage":"es","@id":"https:\/\/marlynsteel.com\/employment\/#primaryimage","url":"https:\/\/marlynsteel.com\/wp-content\/uploads\/2025\/01\/employment-image-1-1024x1010.jpg","contentUrl":"https:\/\/marlynsteel.com\/wp-content\/uploads\/2025\/01\/employment-image-1-1024x1010.jpg"},{"@type":"BreadcrumbList","@id":"https:\/\/marlynsteel.com\/employment\/#breadcrumb","itemListElement":[{"@type":"ListItem","position":1,"name":"Home","item":"https:\/\/marlynsteel.com\/es\/"},{"@type":"ListItem","position":2,"name":"Empleo"}]},{"@type":"WebSite","@id":"https:\/\/marlynsteel.com\/#website","url":"https:\/\/marlynsteel.com\/","name":"Marlyn Steel Deck","description":"","potentialAction":[{"@type":"SearchAction","target":{"@type":"EntryPoint","urlTemplate":"https:\/\/marlynsteel.com\/?s={search_term_string}"},"query-input":{"@type":"PropertyValueSpecification","valueRequired":true,"valueName":"search_term_string"}}],"inLanguage":"es"}]}},"_links":{"self":[{"href":"https:\/\/marlynsteel.com\/es\/wp-json\/wp\/v2\/pages\/1836","targetHints":{"allow":["GET"]}}],"collection":[{"href":"https:\/\/marlynsteel.com\/es\/wp-json\/wp\/v2\/pages"}],"about":[{"href":"https:\/\/marlynsteel.com\/es\/wp-json\/wp\/v2\/types\/page"}],"author":[{"embeddable":true,"href":"https:\/\/marlynsteel.com\/es\/wp-json\/wp\/v2\/users\/1"}],"replies":[{"embeddable":true,"href":"https:\/\/marlynsteel.com\/es\/wp-json\/wp\/v2\/comments?post=1836"}],"version-history":[{"count":10,"href":"https:\/\/marlynsteel.com\/es\/wp-json\/wp\/v2\/pages\/1836\/revisions"}],"predecessor-version":[{"id":2134,"href":"https:\/\/marlynsteel.com\/es\/wp-json\/wp\/v2\/pages\/1836\/revisions\/2134"}],"wp:attachment":[{"href":"https:\/\/marlynsteel.com\/es\/wp-json\/wp\/v2\/media?parent=1836"}],"curies":[{"name":"wp","href":"https:\/\/api.w.org\/{rel}","templated":true}]}}