{"id":1842,"date":"2025-01-27T09:17:05","date_gmt":"2025-01-27T14:17:05","guid":{"rendered":"https:\/\/marlynsteel.com\/?page_id=1842"},"modified":"2025-04-07T09:25:00","modified_gmt":"2025-04-07T13:25:00","slug":"proyectos","status":"publish","type":"page","link":"https:\/\/marlynsteel.com\/es\/proyectos\/","title":{"rendered":"Proyectos"},"content":{"rendered":"\t\t<div data-elementor-type=\"wp-page\" data-elementor-id=\"1842\" class=\"elementor elementor-1842 elementor-1803\">\n\t\t\t\t<div class=\"elementor-element elementor-element-f70bfe1 e-flex e-con-boxed e-con e-parent\" data-id=\"f70bfe1\" data-element_type=\"container\" data-e-type=\"container\">\n\t\t\t\t\t<div class=\"e-con-inner\">\n\t\t<div class=\"elementor-element elementor-element-c836de3 e-con-full e-flex e-con e-child\" data-id=\"c836de3\" data-element_type=\"container\" data-e-type=\"container\">\n\t\t\t\t<div class=\"elementor-element elementor-element-6a8228b elementor-widget elementor-widget-image\" data-id=\"6a8228b\" data-element_type=\"widget\" data-e-type=\"widget\" data-widget_type=\"image.default\">\n\t\t\t\t<div class=\"elementor-widget-container\">\n\t\t\t\t\t\t\t\t\t\t\t\t\t\t\t<img fetchpriority=\"high\" decoding=\"async\" width=\"370\" height=\"240\" src=\"https:\/\/marlynsteel.com\/wp-content\/uploads\/2025\/01\/proj1.jpg\" class=\"attachment-large size-large wp-image-1807\" alt=\"\" srcset=\"https:\/\/marlynsteel.com\/wp-content\/uploads\/2025\/01\/proj1.jpg 370w, https:\/\/marlynsteel.com\/wp-content\/uploads\/2025\/01\/proj1-300x195.jpg 300w\" sizes=\"(max-width: 370px) 100vw, 370px\" \/>\t\t\t\t\t\t\t\t\t\t\t\t\t\t\t<\/div>\n\t\t\t\t<\/div>\n\t\t\t\t<div class=\"elementor-element elementor-element-3a6938f elementor-widget elementor-widget-text-editor\" data-id=\"3a6938f\" data-element_type=\"widget\" data-e-type=\"widget\" data-widget_type=\"text-editor.default\">\n\t\t\t\t<div class=\"elementor-widget-container\">\n\t\t\t\t\t\t\t\t\t<p><strong style=\"color: #000;\">Proyecto:<\/strong> Cubesmart Self Storage<br \/><strong style=\"color: #000;\">Ubicaci\u00f3n:<\/strong> Lakeland, FL<br \/><strong style=\"color: #000;\">Material Utilizado:<\/strong> 18 gauge 2.0CF Deck<\/p>\t\t\t\t\t\t\t\t<\/div>\n\t\t\t\t<\/div>\n\t\t\t\t<\/div>\n\t\t<div class=\"elementor-element elementor-element-39eb446 e-con-full e-flex e-con e-child\" data-id=\"39eb446\" data-element_type=\"container\" data-e-type=\"container\">\n\t\t\t\t<div class=\"elementor-element elementor-element-c66011d elementor-widget elementor-widget-image\" data-id=\"c66011d\" data-element_type=\"widget\" data-e-type=\"widget\" data-widget_type=\"image.default\">\n\t\t\t\t<div class=\"elementor-widget-container\">\n\t\t\t\t\t\t\t\t\t\t\t\t\t\t\t<img decoding=\"async\" width=\"370\" height=\"240\" src=\"https:\/\/marlynsteel.com\/wp-content\/uploads\/2025\/01\/proj2.jpg\" class=\"attachment-large size-large wp-image-1809\" alt=\"\" srcset=\"https:\/\/marlynsteel.com\/wp-content\/uploads\/2025\/01\/proj2.jpg 370w, https:\/\/marlynsteel.com\/wp-content\/uploads\/2025\/01\/proj2-300x195.jpg 300w\" sizes=\"(max-width: 370px) 100vw, 370px\" \/>\t\t\t\t\t\t\t\t\t\t\t\t\t\t\t<\/div>\n\t\t\t\t<\/div>\n\t\t\t\t<div class=\"elementor-element elementor-element-bb19ec8 elementor-widget elementor-widget-text-editor\" data-id=\"bb19ec8\" data-element_type=\"widget\" data-e-type=\"widget\" data-widget_type=\"text-editor.default\">\n\t\t\t\t<div class=\"elementor-widget-container\">\n\t\t\t\t\t\t\t\t\t<p><strong style=\"color: #000;\">Proyecto:<\/strong> Extra Space Storage<br \/><strong style=\"color: #000;\">Ubicaci\u00f3n:<\/strong> Stuart, FL<br \/><strong style=\"color: #000;\">Material Utilizado:<\/strong> 18 gauge 2.0CF Deck<\/p>\t\t\t\t\t\t\t\t<\/div>\n\t\t\t\t<\/div>\n\t\t\t\t<\/div>\n\t\t<div class=\"elementor-element elementor-element-2a9a874 e-con-full e-flex e-con e-child\" data-id=\"2a9a874\" data-element_type=\"container\" data-e-type=\"container\">\n\t\t\t\t<div class=\"elementor-element elementor-element-22177a7 elementor-widget elementor-widget-image\" data-id=\"22177a7\" data-element_type=\"widget\" data-e-type=\"widget\" data-widget_type=\"image.default\">\n\t\t\t\t<div class=\"elementor-widget-container\">\n\t\t\t\t\t\t\t\t\t\t\t\t\t\t\t<img decoding=\"async\" width=\"370\" height=\"240\" src=\"https:\/\/marlynsteel.com\/wp-content\/uploads\/2025\/01\/proj3.jpg\" class=\"attachment-large size-large wp-image-1811\" alt=\"\" srcset=\"https:\/\/marlynsteel.com\/wp-content\/uploads\/2025\/01\/proj3.jpg 370w, https:\/\/marlynsteel.com\/wp-content\/uploads\/2025\/01\/proj3-300x195.jpg 300w\" sizes=\"(max-width: 370px) 100vw, 370px\" \/>\t\t\t\t\t\t\t\t\t\t\t\t\t\t\t<\/div>\n\t\t\t\t<\/div>\n\t\t\t\t<div class=\"elementor-element elementor-element-def951a elementor-widget elementor-widget-text-editor\" data-id=\"def951a\" data-element_type=\"widget\" data-e-type=\"widget\" data-widget_type=\"text-editor.default\">\n\t\t\t\t<div class=\"elementor-widget-container\">\n\t\t\t\t\t\t\t\t\t<p><strong style=\"color: #000;\">Proyecto:<\/strong> Residential Home<br \/><strong style=\"color: #000;\">Ubicaci\u00f3n:<\/strong> Harbour Bluff<br \/><strong style=\"color: #000;\">Material Utilizado:<\/strong> 20 Gauge Marcore<\/p>\t\t\t\t\t\t\t\t<\/div>\n\t\t\t\t<\/div>\n\t\t\t\t<\/div>\n\t\t<div class=\"elementor-element elementor-element-a49f753 e-con-full e-flex e-con e-child\" data-id=\"a49f753\" data-element_type=\"container\" data-e-type=\"container\">\n\t\t\t\t<div class=\"elementor-element elementor-element-b657213 elementor-widget elementor-widget-image\" data-id=\"b657213\" data-element_type=\"widget\" data-e-type=\"widget\" data-widget_type=\"image.default\">\n\t\t\t\t<div class=\"elementor-widget-container\">\n\t\t\t\t\t\t\t\t\t\t\t\t\t\t\t<img loading=\"lazy\" decoding=\"async\" width=\"525\" height=\"394\" src=\"https:\/\/marlynsteel.com\/wp-content\/uploads\/2025\/04\/Farrell-Storage-Port-St-Lucie-e1744029527934.jpg\" class=\"attachment-large size-large wp-image-2212\" alt=\"\" \/>\t\t\t\t\t\t\t\t\t\t\t\t\t\t\t<\/div>\n\t\t\t\t<\/div>\n\t\t\t\t<div class=\"elementor-element elementor-element-c8d0171 elementor-widget elementor-widget-text-editor\" data-id=\"c8d0171\" data-element_type=\"widget\" data-e-type=\"widget\" data-widget_type=\"text-editor.default\">\n\t\t\t\t<div class=\"elementor-widget-container\">\n\t\t\t\t\t\t\t\t\t<p><strong style=\"color: #000;\">Proyecto:<\/strong> Farrell Storage<br \/><strong style=\"color: #000;\">Ubicaci\u00f3n:<\/strong> Port St. Lucie, FL<br \/><strong style=\"color: #000;\">Material Utilizado:<\/strong> 18 gauge 2.0CF Deck<\/p>\t\t\t\t\t\t\t\t<\/div>\n\t\t\t\t<\/div>\n\t\t\t\t<\/div>\n\t\t<div class=\"elementor-element elementor-element-f12f212 e-con-full e-flex e-con e-child\" data-id=\"f12f212\" data-element_type=\"container\" data-e-type=\"container\">\n\t\t\t\t<div class=\"elementor-element elementor-element-96f19fe elementor-widget elementor-widget-image\" data-id=\"96f19fe\" data-element_type=\"widget\" data-e-type=\"widget\" data-widget_type=\"image.default\">\n\t\t\t\t<div class=\"elementor-widget-container\">\n\t\t\t\t\t\t\t\t\t\t\t\t\t\t\t<img loading=\"lazy\" decoding=\"async\" width=\"370\" height=\"240\" src=\"https:\/\/marlynsteel.com\/wp-content\/uploads\/2025\/01\/proj6.jpg\" class=\"attachment-large size-large wp-image-1821\" alt=\"\" srcset=\"https:\/\/marlynsteel.com\/wp-content\/uploads\/2025\/01\/proj6.jpg 370w, https:\/\/marlynsteel.com\/wp-content\/uploads\/2025\/01\/proj6-300x195.jpg 300w\" sizes=\"(max-width: 370px) 100vw, 370px\" \/>\t\t\t\t\t\t\t\t\t\t\t\t\t\t\t<\/div>\n\t\t\t\t<\/div>\n\t\t\t\t<div class=\"elementor-element elementor-element-2f015e5 elementor-widget elementor-widget-text-editor\" data-id=\"2f015e5\" data-element_type=\"widget\" data-e-type=\"widget\" data-widget_type=\"text-editor.default\">\n\t\t\t\t<div class=\"elementor-widget-container\">\n\t\t\t\t\t\t\t\t\t<p><strong style=\"color: #000;\">Proyecto:<\/strong> Residential Home<br \/><strong style=\"color: #000;\">Ubicaci\u00f3n:<\/strong> Pinellas County, FL<br \/><strong style=\"color: #000;\">Material Utilizado:<\/strong> 20 Gauge Marcore<\/p>\t\t\t\t\t\t\t\t<\/div>\n\t\t\t\t<\/div>\n\t\t\t\t<\/div>\n\t\t<div class=\"elementor-element elementor-element-3d457e3 e-con-full e-flex e-con e-child\" data-id=\"3d457e3\" data-element_type=\"container\" data-e-type=\"container\">\n\t\t\t\t<div class=\"elementor-element elementor-element-01229af elementor-widget elementor-widget-image\" data-id=\"01229af\" data-element_type=\"widget\" data-e-type=\"widget\" data-widget_type=\"image.default\">\n\t\t\t\t<div class=\"elementor-widget-container\">\n\t\t\t\t\t\t\t\t\t\t\t\t\t\t\t<img loading=\"lazy\" decoding=\"async\" width=\"370\" height=\"240\" src=\"https:\/\/marlynsteel.com\/wp-content\/uploads\/2025\/01\/proj7.jpg\" class=\"attachment-large size-large wp-image-1823\" alt=\"\" srcset=\"https:\/\/marlynsteel.com\/wp-content\/uploads\/2025\/01\/proj7.jpg 370w, https:\/\/marlynsteel.com\/wp-content\/uploads\/2025\/01\/proj7-300x195.jpg 300w\" sizes=\"(max-width: 370px) 100vw, 370px\" \/>\t\t\t\t\t\t\t\t\t\t\t\t\t\t\t<\/div>\n\t\t\t\t<\/div>\n\t\t\t\t<div class=\"elementor-element elementor-element-12d1da4 elementor-widget elementor-widget-text-editor\" data-id=\"12d1da4\" data-element_type=\"widget\" data-e-type=\"widget\" data-widget_type=\"text-editor.default\">\n\t\t\t\t<div class=\"elementor-widget-container\">\n\t\t\t\t\t\t\t\t\t<p><strong style=\"color: #000;\">Proyecto:<\/strong>\u00a0SunDome<br \/><strong style=\"color: #000;\">Ubicaci\u00f3n:<\/strong>\u00a0Tampa, FL<br \/><strong style=\"color: #000;\">Material Utilizado:<\/strong>\u00a020 Gauge 3.0 N Deck<\/p>\t\t\t\t\t\t\t\t<\/div>\n\t\t\t\t<\/div>\n\t\t\t\t<\/div>\n\t\t\t\t\t<\/div>\n\t\t\t\t<\/div>\n\t\t\t\t<\/div>\n\t\t","protected":false},"excerpt":{"rendered":"<p>Proyecto: Cubesmart Self StorageUbicaci\u00f3n: Lakeland, FLMaterial Utilizado: 18 gauge 2.0CF Deck Proyecto: Extra Space StorageUbicaci\u00f3n: Stuart, FLMaterial Utilizado: 18 gauge 2.0CF Deck Proyecto: Residential HomeUbicaci\u00f3n: Harbour BluffMaterial Utilizado: 20 Gauge Marcore Proyecto: Farrell StorageUbicaci\u00f3n: Port St. Lucie, FLMaterial Utilizado: 18 gauge 2.0CF Deck Proyecto: Residential HomeUbicaci\u00f3n: Pinellas County, FLMaterial Utilizado: 20 Gauge Marcore Proyecto:\u00a0SunDomeUbicaci\u00f3n:\u00a0Tampa, FLMaterial [&hellip;]<\/p>\n","protected":false},"author":1,"featured_media":0,"parent":0,"menu_order":0,"comment_status":"closed","ping_status":"closed","template":"","meta":{"footnotes":"","_links_to":"","_links_to_target":""},"class_list":["post-1842","page","type-page","status-publish","hentry"],"yoast_head":"<!-- This site is optimized with the Yoast SEO plugin v27.3 - https:\/\/yoast.com\/product\/yoast-seo-wordpress\/ -->\n<title>Proyectos - Marlyn Steel Deck<\/title>\n<meta name=\"robots\" content=\"index, follow, max-snippet:-1, max-image-preview:large, max-video-preview:-1\" \/>\n<link rel=\"canonical\" href=\"https:\/\/marlynsteel.com\/projects\/\" \/>\n<meta property=\"og:locale\" content=\"es_ES\" \/>\n<meta property=\"og:type\" content=\"article\" \/>\n<meta property=\"og:title\" content=\"Proyectos - Marlyn Steel Deck\" \/>\n<meta property=\"og:description\" content=\"Proyecto: Cubesmart Self StorageUbicaci\u00f3n: Lakeland, FLMaterial Utilizado: 18 gauge 2.0CF Deck Proyecto: Extra Space StorageUbicaci\u00f3n: Stuart, FLMaterial Utilizado: 18 gauge 2.0CF Deck Proyecto: Residential HomeUbicaci\u00f3n: Harbour BluffMaterial Utilizado: 20 Gauge Marcore Proyecto: Farrell StorageUbicaci\u00f3n: Port St. Lucie, FLMaterial Utilizado: 18 gauge 2.0CF Deck Proyecto: Residential HomeUbicaci\u00f3n: Pinellas County, FLMaterial Utilizado: 20 Gauge Marcore Proyecto:\u00a0SunDomeUbicaci\u00f3n:\u00a0Tampa, FLMaterial [&hellip;]\" \/>\n<meta property=\"og:url\" content=\"https:\/\/marlynsteel.com\/projects\/\" \/>\n<meta property=\"og:site_name\" content=\"Marlyn Steel Deck\" \/>\n<meta property=\"article:modified_time\" content=\"2025-04-07T13:25:00+00:00\" \/>\n<meta property=\"og:image\" content=\"https:\/\/marlynsteel.com\/wp-content\/uploads\/2025\/01\/proj1.jpg\" \/>\n\t<meta property=\"og:image:width\" content=\"370\" \/>\n\t<meta property=\"og:image:height\" content=\"240\" \/>\n\t<meta property=\"og:image:type\" content=\"image\/jpeg\" \/>\n<meta name=\"twitter:card\" content=\"summary_large_image\" \/>\n<script type=\"application\/ld+json\" class=\"yoast-schema-graph\">{\"@context\":\"https:\\\/\\\/schema.org\",\"@graph\":[{\"@type\":\"WebPage\",\"@id\":\"https:\\\/\\\/marlynsteel.com\\\/projects\\\/\",\"url\":\"https:\\\/\\\/marlynsteel.com\\\/projects\\\/\",\"name\":\"Proyectos - Marlyn Steel Deck\",\"isPartOf\":{\"@id\":\"https:\\\/\\\/marlynsteel.com\\\/#website\"},\"primaryImageOfPage\":{\"@id\":\"https:\\\/\\\/marlynsteel.com\\\/projects\\\/#primaryimage\"},\"image\":{\"@id\":\"https:\\\/\\\/marlynsteel.com\\\/projects\\\/#primaryimage\"},\"thumbnailUrl\":\"https:\\\/\\\/marlynsteel.com\\\/wp-content\\\/uploads\\\/2025\\\/01\\\/proj1.jpg\",\"datePublished\":\"2025-01-27T14:17:05+00:00\",\"dateModified\":\"2025-04-07T13:25:00+00:00\",\"breadcrumb\":{\"@id\":\"https:\\\/\\\/marlynsteel.com\\\/projects\\\/#breadcrumb\"},\"inLanguage\":\"es\",\"potentialAction\":[{\"@type\":\"ReadAction\",\"target\":[\"https:\\\/\\\/marlynsteel.com\\\/projects\\\/\"]}]},{\"@type\":\"ImageObject\",\"inLanguage\":\"es\",\"@id\":\"https:\\\/\\\/marlynsteel.com\\\/projects\\\/#primaryimage\",\"url\":\"https:\\\/\\\/marlynsteel.com\\\/wp-content\\\/uploads\\\/2025\\\/01\\\/proj1.jpg\",\"contentUrl\":\"https:\\\/\\\/marlynsteel.com\\\/wp-content\\\/uploads\\\/2025\\\/01\\\/proj1.jpg\"},{\"@type\":\"BreadcrumbList\",\"@id\":\"https:\\\/\\\/marlynsteel.com\\\/projects\\\/#breadcrumb\",\"itemListElement\":[{\"@type\":\"ListItem\",\"position\":1,\"name\":\"Home\",\"item\":\"https:\\\/\\\/marlynsteel.com\\\/es\\\/\"},{\"@type\":\"ListItem\",\"position\":2,\"name\":\"Proyectos\"}]},{\"@type\":\"WebSite\",\"@id\":\"https:\\\/\\\/marlynsteel.com\\\/#website\",\"url\":\"https:\\\/\\\/marlynsteel.com\\\/\",\"name\":\"Marlyn Steel Deck\",\"description\":\"\",\"potentialAction\":[{\"@type\":\"SearchAction\",\"target\":{\"@type\":\"EntryPoint\",\"urlTemplate\":\"https:\\\/\\\/marlynsteel.com\\\/?s={search_term_string}\"},\"query-input\":{\"@type\":\"PropertyValueSpecification\",\"valueRequired\":true,\"valueName\":\"search_term_string\"}}],\"inLanguage\":\"es\"}]}<\/script>\n<!-- \/ Yoast SEO plugin. -->","yoast_head_json":{"title":"Proyectos - Marlyn Steel Deck","robots":{"index":"index","follow":"follow","max-snippet":"max-snippet:-1","max-image-preview":"max-image-preview:large","max-video-preview":"max-video-preview:-1"},"canonical":"https:\/\/marlynsteel.com\/projects\/","og_locale":"es_ES","og_type":"article","og_title":"Proyectos - Marlyn Steel Deck","og_description":"Proyecto: Cubesmart Self StorageUbicaci\u00f3n: Lakeland, FLMaterial Utilizado: 18 gauge 2.0CF Deck Proyecto: Extra Space StorageUbicaci\u00f3n: Stuart, FLMaterial Utilizado: 18 gauge 2.0CF Deck Proyecto: Residential HomeUbicaci\u00f3n: Harbour BluffMaterial Utilizado: 20 Gauge Marcore Proyecto: Farrell StorageUbicaci\u00f3n: Port St. Lucie, FLMaterial Utilizado: 18 gauge 2.0CF Deck Proyecto: Residential HomeUbicaci\u00f3n: Pinellas County, FLMaterial Utilizado: 20 Gauge Marcore Proyecto:\u00a0SunDomeUbicaci\u00f3n:\u00a0Tampa, FLMaterial [&hellip;]","og_url":"https:\/\/marlynsteel.com\/projects\/","og_site_name":"Marlyn Steel Deck","article_modified_time":"2025-04-07T13:25:00+00:00","og_image":[{"width":370,"height":240,"url":"https:\/\/marlynsteel.com\/wp-content\/uploads\/2025\/01\/proj1.jpg","type":"image\/jpeg"}],"twitter_card":"summary_large_image","schema":{"@context":"https:\/\/schema.org","@graph":[{"@type":"WebPage","@id":"https:\/\/marlynsteel.com\/projects\/","url":"https:\/\/marlynsteel.com\/projects\/","name":"Proyectos - Marlyn Steel Deck","isPartOf":{"@id":"https:\/\/marlynsteel.com\/#website"},"primaryImageOfPage":{"@id":"https:\/\/marlynsteel.com\/projects\/#primaryimage"},"image":{"@id":"https:\/\/marlynsteel.com\/projects\/#primaryimage"},"thumbnailUrl":"https:\/\/marlynsteel.com\/wp-content\/uploads\/2025\/01\/proj1.jpg","datePublished":"2025-01-27T14:17:05+00:00","dateModified":"2025-04-07T13:25:00+00:00","breadcrumb":{"@id":"https:\/\/marlynsteel.com\/projects\/#breadcrumb"},"inLanguage":"es","potentialAction":[{"@type":"ReadAction","target":["https:\/\/marlynsteel.com\/projects\/"]}]},{"@type":"ImageObject","inLanguage":"es","@id":"https:\/\/marlynsteel.com\/projects\/#primaryimage","url":"https:\/\/marlynsteel.com\/wp-content\/uploads\/2025\/01\/proj1.jpg","contentUrl":"https:\/\/marlynsteel.com\/wp-content\/uploads\/2025\/01\/proj1.jpg"},{"@type":"BreadcrumbList","@id":"https:\/\/marlynsteel.com\/projects\/#breadcrumb","itemListElement":[{"@type":"ListItem","position":1,"name":"Home","item":"https:\/\/marlynsteel.com\/es\/"},{"@type":"ListItem","position":2,"name":"Proyectos"}]},{"@type":"WebSite","@id":"https:\/\/marlynsteel.com\/#website","url":"https:\/\/marlynsteel.com\/","name":"Marlyn Steel Deck","description":"","potentialAction":[{"@type":"SearchAction","target":{"@type":"EntryPoint","urlTemplate":"https:\/\/marlynsteel.com\/?s={search_term_string}"},"query-input":{"@type":"PropertyValueSpecification","valueRequired":true,"valueName":"search_term_string"}}],"inLanguage":"es"}]}},"_links":{"self":[{"href":"https:\/\/marlynsteel.com\/es\/wp-json\/wp\/v2\/pages\/1842","targetHints":{"allow":["GET"]}}],"collection":[{"href":"https:\/\/marlynsteel.com\/es\/wp-json\/wp\/v2\/pages"}],"about":[{"href":"https:\/\/marlynsteel.com\/es\/wp-json\/wp\/v2\/types\/page"}],"author":[{"embeddable":true,"href":"https:\/\/marlynsteel.com\/es\/wp-json\/wp\/v2\/users\/1"}],"replies":[{"embeddable":true,"href":"https:\/\/marlynsteel.com\/es\/wp-json\/wp\/v2\/comments?post=1842"}],"version-history":[{"count":10,"href":"https:\/\/marlynsteel.com\/es\/wp-json\/wp\/v2\/pages\/1842\/revisions"}],"predecessor-version":[{"id":2232,"href":"https:\/\/marlynsteel.com\/es\/wp-json\/wp\/v2\/pages\/1842\/revisions\/2232"}],"wp:attachment":[{"href":"https:\/\/marlynsteel.com\/es\/wp-json\/wp\/v2\/media?parent=1842"}],"curies":[{"name":"wp","href":"https:\/\/api.w.org\/{rel}","templated":true}]}}